{"id":983,"date":"2021-12-19T08:36:16","date_gmt":"2021-12-19T08:36:16","guid":{"rendered":"http:\/\/cocemfecatalunya.org\/avis-legal\/"},"modified":"2023-07-03T11:49:28","modified_gmt":"2023-07-03T11:49:28","slug":"avis-legal","status":"publish","type":"page","link":"https:\/\/cocemfecatalunya.org\/es\/avis-legal\/","title":{"rendered":"Aviso legal"},"content":{"rendered":"<p><span style=\"font-weight: 500;\">Esta p\u00e1gina Web es propiedad de COCEMFE CATALU\u00d1A con NIF n.\u00ba G25542820 y domicilio en Via Augusta, 123, despacho 601 (09006) Barcelona e inscrita en el Registro de Asociaciones de la Generalitat de Catalu\u00f1a con n.\u00ba de inscripci\u00f3n 705 de la Secci\u00f3n 1.\u00aa de la demarcaci\u00f3n de Barcelona. Para cualquier consulta o propuesta, cont\u00e1ctenos llamando al tel\u00e9fono +34 665 16 47 16 o enviando un correo electr\u00f3nico a <\/span><a href=\"mailto:coordinacio@cocemfe.cat\"><span style=\"font-weight: 500;\">coordinacio@cocemfecatalunya.org<\/span><\/a><span style=\"font-weight: 500;\">. Esta p\u00e1gina Web se rige exclusivamente por la normativa aplicable en Espa\u00f1a, quedando sometida a ella, tanto nacionales como extranjeros que utilicen esta Web. El acceso a nuestra p\u00e1gina Web por parte del USUARIO es gratuito y est\u00e1 condicionado a la previa lectura y aceptaci\u00f3n \u00edntegra, expresa y sin reservas de las presentes CONDICIONES GENERALES DE USO vigentes en el momento del acceso, que rogamos lea detenidamente. El USUARIO, en el momento que utiliza nuestro portal, sus contenidos o servicios, acepta y se somete expresamente a las condiciones generales de uso de este. Si el usuario no estuviera de acuerdo con las presentes condiciones de uso, tendr\u00e1 que abstenerse de utilizar este portal y operar por medio de este. El suministro de datos personales a trav\u00e9s de nuestro portal requiere una edad m\u00ednima de 14 a\u00f1os o, en su caso, disponer de capacidad jur\u00eddica suficiente para contratar. En cualquier momento podremos modificar la presentaci\u00f3n y configuraci\u00f3n de nuestra Web, ampliar o reducir servicios e, incluso, suprimirla de la Red, as\u00ed como los servicios y contenidos prestados, todo esto de forma unilateral y sin previo aviso.<\/span><\/p>\n<ul>\n<li aria-level=\"1\"><b>PROPIEDAD INTELECTUAL<\/b><\/li>\n<\/ul>\n<p><span style=\"font-weight: 500;\">Todos los contenidos, textos, im\u00e1genes, y c\u00f3digos fuente son propiedad de COCEMFE CATALU\u00d1A o de terceros de los cuales se han adquirido sus derechos de explotaci\u00f3n, y est\u00e1n protegidos por los derechos de Propiedad Intelectual e Industrial. El usuario \u00fanicamente tiene derecho a hacer un uso privado de los mismos, sin \u00e1nimo de lucro, y necesita autorizaci\u00f3n expresa para modificarlos, reproducirlos, explotarlos, distribuirlos o cualquier derecho perteneciente a su titular. COCEMFE CATALU\u00d1A es una marca registrada, y est\u00e1 prohibida su reproducci\u00f3n, imitaci\u00f3n, utilizaci\u00f3n o inserci\u00f3n sin nuestra debida autorizaci\u00f3n. El establecimiento de enlaces en nuestro portal no confiere ning\u00fan derecho sobre el mismo. As\u00ed mismo, el simple hecho de establecer un enlace en nuestra p\u00e1gina web no da derecho a otorgarse la categor\u00eda de colaborador o socio. COCEMFE CATALU\u00d1A queda exonerada de responsabilidad por cualquier reclamaci\u00f3n respecto a los derechos de propiedad intelectual de los art\u00edculos e im\u00e1genes publicadas por terceros en su portal. Est\u00e1 absolutamente prohibida la imitaci\u00f3n, ya sea total o parcial, de nuestro portal.<\/span><\/p>\n<p>&nbsp;<\/p>\n<ul>\n<li aria-level=\"1\"><b>CONDICIONES DE ACCESO Y USO<\/b><\/li>\n<\/ul>\n<p><span style=\"font-weight: 500;\">El acceso en nuestra p\u00e1gina Web es gratuito y no exige previa suscripci\u00f3n o registro. No obstante, determinados servicios requieren rellenar formularios con datos personales o haber realizado un proceso de registro y\/o la identificaci\u00f3n por medio de contrase\u00f1as. Estos servicios quedar\u00e1n debidamente identificados en la Web. El env\u00edo de datos personales implica la aceptaci\u00f3n expresa por parte del USUARIO de nuestra pol\u00edtica de privacidad. El usuario tiene que acceder a nuestra p\u00e1gina Web conforme a la buena fe y a las normas de orden p\u00fablico a las presentes Condiciones Generales de Uso. El acceso a nuestro sitio web se realiza bajo la propia y exclusiva responsabilidad del usuario, que responder\u00e1 en todo caso de los da\u00f1os y perjuicios que pueda causar a terceros o a nosotros mismos. El usuario tiene expresamente prohibida la utilizaci\u00f3n y obtenci\u00f3n de los servicios, productos y contenidos ofrecidos a la presente p\u00e1gina web por procedimientos diferentes a los estipulados en las presentes condiciones de uso. El USUARIO tiene prohibido cualquier tipo de acci\u00f3n sobre nuestro portal que origine una excesiva sobrecarga de funcionamiento a nuestros sistemas inform\u00e1ticos, as\u00ed como la introducci\u00f3n de virus o instalaci\u00f3n de robots, o software que altere el normal funcionamiento de nuestra web. En definitiva, cualquier tipo de acci\u00f3n que pueda causar da\u00f1os a nuestros sistemas inform\u00e1ticos. Teniendo en cuenta la imposibilidad de control respecto a la informaci\u00f3n, contenidos y servicios que contengan otros <\/span><i><span style=\"font-weight: 500;\">websites<\/span><\/i><span style=\"font-weight: 500;\"> a los cuales se pueda acceder a trav\u00e9s de los enlaces que nuestra p\u00e1gina web pueda poner a su disposici\u00f3n, le comunicamos que COCEMFE CATALU\u00d1A queda eximida de cualquier responsabilidad por los da\u00f1os y perjuicios de toda clase que pudieran derivar por la utilizaci\u00f3n de estas p\u00e1ginas web ajenas a nuestra organizaci\u00f3n por parte del usuario. COCEMFE CATALU\u00d1A se reserva el derecho unilateral y sin preaviso de dar de baja a cualquier USUARIO que la organizaci\u00f3n entienda que ha vulnerado las condiciones que rigen el uso de nuestra p\u00e1gina web, sin que el USUARIO tenga derecho a reclamaci\u00f3n de ning\u00fan tipo por estas acciones. As\u00ed mismo, se reserva el derecho de ejercitar las acciones legales oportunas contra aquellos que vulneren las presentes condiciones generales de uso, aceptando el USUARIO que la no iniciaci\u00f3n de estas acciones no constituye una renuncia formal a las mismas, permaneciendo \u00e9stas vigentes hasta los plazos legales de prescripci\u00f3n de las infracciones.<\/span><\/p>\n<p>&nbsp;<\/p>\n<ul>\n<li aria-level=\"1\"><b>POL\u00cdTICA DE PRIVACIDAD<\/b><\/li>\n<\/ul>\n<p><span style=\"font-weight: 500;\">La confidencialidad y la seguridad son valores primordiales de COCEMFE CATALU\u00d1A y, en consecuencia, asumimos el compromiso de garantizar la privacidad del usuario en todo momento y de no\u00a0 recabar informaci\u00f3n innecesaria. El suministro de datos personales a trav\u00e9s de nuestro portal requiere una edad m\u00ednima de 14 a\u00f1os y la aceptaci\u00f3n expresa de nuestra Pol\u00edtica de Privacidad.<\/span><\/p>\n<p>&nbsp;<\/p>\n<ul>\n<li aria-level=\"1\"><b>RESPONSABILIDADES<\/b><\/li>\n<\/ul>\n<p><span style=\"font-weight: 500;\">Al poner a disposici\u00f3n del usuario esta p\u00e1gina web queremos ofrecerle un servicio de calidad, utilizando la m\u00e1xima diligencia en la prestaci\u00f3n de este, as\u00ed como en los medios tecnol\u00f3gicos utilizados. Sin embargo, no responderemos de la presencia de virus y otros elementos que de alguna manera puedan da\u00f1ar el sistema inform\u00e1tico del usuario. COCEMFE CATALU\u00d1A no garantiza que la disponibilidad del servicio sea continua e ininterrumpida, por circunstancias originadas por problemas en la red de Internet, aver\u00edas en los dispositivos inform\u00e1ticos u otras circunstancias imprevisibles, de forma que el USUARIO acepta soportar dentro de unos l\u00edmites razonables estas circunstancias, por lo cual renuncia expresamente a reclamar a COCEMFE CATALU\u00d1A cualquier responsabilidad por los posibles fallos, errores y uso del servicio. El usuario asume toda la responsabilidad derivada del uso de nuestra p\u00e1gina web, siendo el \u00fanico responsable de todo efecto directo o indirecto que sobre la p\u00e1gina web se derive, incluyendo, de forma enunciativa y no limitativa, todo resultado econ\u00f3mico, t\u00e9cnico y\/o jur\u00eddico adverso, as\u00ed como la defraudaci\u00f3n de las expectativas generadas por nuestro portal, oblig\u00e1ndose el usuario a mantener indemne a COCEMFE CATALU\u00d1A por cualquier reclamaci\u00f3n derivada, directa o indirectamente de tales hechos. COCEMFE CATALU\u00d1A no garantiza la exactitud, veracidad y vigencia de los contenidos de esta p\u00e1gina web, ya sean propios, de terceros, o enlazables a otras webs, quedando totalmente exonerada de cualquier responsabilidad derivada del uso de estos. COCEMFE CATALU\u00d1A queda exonerada de toda responsabilidad derivada de cualquier reclamaci\u00f3n, incluido el pago de honorarios a abogados, por las demandas y reclamaciones originadas por terceros por el incumplimiento por parte del USUARIO de nuestras condiciones de uso, acceso y pol\u00edtica de privacidad, o cualquier otra reclamaci\u00f3n por el incumplimiento de la legislaci\u00f3n vigente. El USUARIO reconoce que ha entendido toda la informaci\u00f3n respecto a las condiciones de uso de nuestro portal, y reconoce que son suficientes para la exclusi\u00f3n del error en estas y, por lo tanto, las acepta \u00edntegra y expresamente. El USUARIO es plenamente consciente que la mera navegaci\u00f3n por la presente p\u00e1gina web, as\u00ed como la utilizaci\u00f3n de sus servicios, implica la aceptaci\u00f3n de las presentes condiciones de uso. Todo lo en lo referente a nuestra p\u00e1gina web, se rige exclusivamente por las leyes espa\u00f1olas. En caso de que se produzca cualquier tipo de discrepancia o diferencia entre las partes en relaci\u00f3n con la interpretaci\u00f3n y contenido de la presente p\u00e1gina web, todas las Partes se someter\u00e1n a los juzgados o tribunales que resulten competentes en cada caso y, en los casos en que se prevea que las partes pueden someterse a un fuero, estas se someter\u00e1n a los Juzgados y Tribunales de la provincia de Barcelona, con renuncia expresa de cualquier otro que los pudiera corresponder.<\/span><\/p>\n<p>&nbsp;<\/p>\n<ul>\n<li aria-level=\"1\"><b>VIGENCIA DE LAS CONDICIONES GENERALES DE ACCESO A LA WEB<\/b><\/li>\n<\/ul>\n<p><b><\/b><span style=\"font-weight: 500;\">Las presentes Condiciones Generales de uso han sido modificadas con fecha 24\/10\/2022. En cualquier momento podemos proceder a su modificaci\u00f3n. Por favor, compruebe la fecha de emisi\u00f3n en cada ocasi\u00f3n en que se conecte en nuestra p\u00e1gina Web y as\u00ed tendr\u00e1 la certeza que no se ha producido ninguna modificaci\u00f3n que le afecte. Para cualquier cuesti\u00f3n respecto a las Condiciones de Uso de nuestra p\u00e1gina web, puede ponerse en contacto con nosotros en los datos indicados anteriormente o con Lant Abogados, a <\/span><a href=\"mailto:info@lant-abogados.com\"><span style=\"font-weight: 500;\">info@lant-abogados.com<\/span><\/a><span style=\"font-weight: 500;\"> o a <\/span><a href=\"http:\/\/www.lant-abogados.com\" target=\"_blank\" rel=\"noopener\"><span style=\"font-weight: 500;\">www.lant-abogados.com<\/span><\/a><span style=\"font-weight: 500;\">. <\/span><\/p>\n","protected":false},"excerpt":{"rendered":"<p>Esta p\u00e1gina Web es propiedad de COCEMFE CATALU\u00d1A con NIF n.\u00ba G25542820 y domicilio en Via Augusta, 123, despacho 601 (09006) Barcelona e inscrita en el Registro de Asociaciones de la Generalitat de Catalu\u00f1a con n.\u00ba de inscripci\u00f3n 705 de la Secci\u00f3n 1.\u00aa de la demarcaci\u00f3n de Barcelona. Para cualquier consulta o propuesta, cont\u00e1ctenos llamando [&hellip;]<\/p>\n","protected":false},"author":1,"featured_media":0,"parent":0,"menu_order":0,"comment_status":"closed","ping_status":"closed","template":"","meta":{"_acf_changed":false,"_et_pb_use_builder":"off","_et_pb_old_content":"<p><b>AVISO LEGAL<\/b><\/p>\r\n<p><span style=\"font-weight: 400;\">Esta p\u00e1gina Web es propiedad de COCEMFE CATALU\u00d1A con NIF n.\u00ba G25542820 y domicilio en Calle 60, n.\u00ba 19 (08040) Barcelona e inscrita en el Registro de Asociaciones de la Generalitat de Catalu\u00f1a con n.\u00ba de inscripci\u00f3n 705 de la Secci\u00f3n 1.\u00aa de la demarcaci\u00f3n de Barcelona. Para cualquier consulta o propuesta, cont\u00e1ctenos llamando al tel\u00e9fono +34 933 01 40 44 o enviando un correo electr\u00f3nico a <\/span><a href=\"mailto:coordinacio@cocemfe.cat\"><span style=\"font-weight: 400;\">coordinacio@cocemfe.cat<\/span><\/a><span style=\"font-weight: 400;\">. Esta p\u00e1gina Web se rige exclusivamente por la normativa aplicable en Espa\u00f1a, quedando sometida a ella, tanto nacionales como extranjeros que utilicen esta Web. El acceso a nuestra p\u00e1gina Web por parte del USUARIO es gratuito y est\u00e1 condicionado a la previa lectura y aceptaci\u00f3n \u00edntegra, expresa y sin reservas de las presentes CONDICIONES GENERALES DE USO vigentes en el momento del acceso, que rogamos lea detenidamente. El USUARIO, en el momento que utiliza nuestro portal, sus contenidos o servicios, acepta y se somete expresamente a las condiciones generales de uso de este. Si el usuario no estuviera de acuerdo con las presentes condiciones de uso, tendr\u00e1 que abstenerse de utilizar este portal y operar por medio de este. El suministro de datos personales a trav\u00e9s de nuestro portal requiere una edad m\u00ednima de 14 a\u00f1os o, en su caso, disponer de capacidad jur\u00eddica suficiente para contratar. En cualquier momento podremos modificar la presentaci\u00f3n y configuraci\u00f3n de nuestra Web, ampliar o reducir servicios e, incluso, suprimirla de la Red, as\u00ed como los servicios y contenidos prestados, todo esto de forma unilateral y sin previo aviso.<\/span><\/p>\r\n<ul>\r\n<li aria-level=\"1\"><b>PROPIEDAD INTELECTUAL<\/b><\/li>\r\n<\/ul>\r\n<p><span style=\"font-weight: 400;\">Todos los contenidos, textos, im\u00e1genes, y c\u00f3digos fuente son propiedad de COCEMFE CATALU\u00d1A o de terceros de los cuales se han adquirido sus derechos de explotaci\u00f3n, y est\u00e1n protegidos por los derechos de Propiedad Intelectual e Industrial. El usuario \u00fanicamente tiene derecho a hacer un uso privado de los mismos, sin \u00e1nimo de lucro, y necesita autorizaci\u00f3n expresa para modificarlos, reproducirlos, explotarlos, distribuirlos o cualquier derecho perteneciente a su titular. COCEMFE CATALU\u00d1A es una marca registrada, y est\u00e1 prohibida su reproducci\u00f3n, imitaci\u00f3n, utilizaci\u00f3n o inserci\u00f3n sin nuestra debida autorizaci\u00f3n. El establecimiento de enlaces en nuestro portal no confiere ning\u00fan derecho sobre el mismo. As\u00ed mismo, el simple hecho de establecer un enlace en nuestra p\u00e1gina web no da derecho a otorgarse la categor\u00eda de colaborador o socio. COCEMFE CATALU\u00d1A queda exonerada de responsabilidad por cualquier reclamaci\u00f3n respecto a los derechos de propiedad intelectual de los art\u00edculos e im\u00e1genes publicadas por terceros en su portal. Est\u00e1 absolutamente prohibida la imitaci\u00f3n, ya sea total o parcial, de nuestro portal.<\/span><\/p>\r\n<p><br \/><b><\/b><\/p>\r\n<ul>\r\n<li aria-level=\"1\"><b>CONDICIONES DE ACCESO Y USO<\/b><\/li>\r\n<\/ul>\r\n<p><span style=\"font-weight: 400;\">El acceso en nuestra p\u00e1gina Web es gratuito y no exige previa suscripci\u00f3n o registro. No obstante, determinados servicios requieren rellenar formularios con datos personales o haber realizado un proceso de registro y\/o la identificaci\u00f3n por medio de contrase\u00f1as. Estos servicios quedar\u00e1n debidamente identificados en la Web. El env\u00edo de datos personales implica la aceptaci\u00f3n expresa por parte del USUARIO de nuestra pol\u00edtica de privacidad. El usuario tiene que acceder a nuestra p\u00e1gina Web conforme a la buena fe y a las normas de orden p\u00fablico a las presentes Condiciones Generales de Uso. El acceso a nuestro sitio web se realiza bajo la propia y exclusiva responsabilidad del usuario, que responder\u00e1 en todo caso de los da\u00f1os y perjuicios que pueda causar a terceros o a nosotros mismos. El usuario tiene expresamente prohibida la utilizaci\u00f3n y obtenci\u00f3n de los servicios, productos y contenidos ofrecidos a la presente p\u00e1gina web por procedimientos diferentes a los estipulados en las presentes condiciones de uso. El USUARIO tiene prohibido cualquier tipo de acci\u00f3n sobre nuestro portal que origine una excesiva sobrecarga de funcionamiento a nuestros sistemas inform\u00e1ticos, as\u00ed como la introducci\u00f3n de virus o instalaci\u00f3n de robots, o software que altere el normal funcionamiento de nuestra web. En definitiva, cualquier tipo de acci\u00f3n que pueda causar da\u00f1os a nuestros sistemas inform\u00e1ticos. Teniendo en cuenta la imposibilidad de control respecto a la informaci\u00f3n, contenidos y servicios que contengan otros <\/span><i><span style=\"font-weight: 400;\">websites<\/span><\/i><span style=\"font-weight: 400;\"> a los cuales se pueda acceder a trav\u00e9s de los enlaces que nuestra p\u00e1gina web pueda poner a su disposici\u00f3n, le comunicamos que COCEMFE CATALU\u00d1A queda eximida de cualquier responsabilidad por los da\u00f1os y perjuicios de toda clase que pudieran derivar por la utilizaci\u00f3n de estas p\u00e1ginas web ajenas a nuestra organizaci\u00f3n por parte del usuario. COCEMFE CATALU\u00d1A se reserva el derecho unilateral y sin preaviso de dar de baja a cualquier USUARIO que la organizaci\u00f3n entienda que ha vulnerado las condiciones que rigen el uso de nuestra p\u00e1gina web, sin que el USUARIO tenga derecho a reclamaci\u00f3n de ning\u00fan tipo por estas acciones. As\u00ed mismo, se reserva el derecho de ejercitar las acciones legales oportunas contra aquellos que vulneren las presentes condiciones generales de uso, aceptando el USUARIO que la no iniciaci\u00f3n de estas acciones no constituye una renuncia formal a las mismas, permaneciendo \u00e9stas vigentes hasta los plazos legales de prescripci\u00f3n de las infracciones.<\/span><\/p>\r\n<p><br \/><b><\/b><\/p>\r\n<ul>\r\n<li aria-level=\"1\"><b>POL\u00cdTICA DE PRIVACIDAD<\/b><\/li>\r\n<\/ul>\r\n<p><span style=\"font-weight: 400;\">La confidencialidad y la seguridad son valores primordiales de COCEMFE CATALU\u00d1A y, en consecuencia, asumimos el compromiso de garantizar la privacidad del usuario en todo momento y de no\u00a0 recabar informaci\u00f3n innecesaria. El suministro de datos personales a trav\u00e9s de nuestro portal requiere una edad m\u00ednima de 14 a\u00f1os y la aceptaci\u00f3n expresa de nuestra Pol\u00edtica de Privacidad.<\/span><\/p>\r\n<p><br \/><b><\/b><\/p>\r\n<ul>\r\n<li aria-level=\"1\"><b>RESPONSABILIDADES<\/b><\/li>\r\n<\/ul>\r\n<p><span style=\"font-weight: 400;\">Al poner a disposici\u00f3n del usuario esta p\u00e1gina web queremos ofrecerle un servicio de calidad, utilizando la m\u00e1xima diligencia en la prestaci\u00f3n de este, as\u00ed como en los medios tecnol\u00f3gicos utilizados. Sin embargo, no responderemos de la presencia de virus y otros elementos que de alguna manera puedan da\u00f1ar el sistema inform\u00e1tico del usuario. COCEMFE CATALU\u00d1A no garantiza que la disponibilidad del servicio sea continua e ininterrumpida, por circunstancias originadas por problemas en la red de Internet, aver\u00edas en los dispositivos inform\u00e1ticos u otras circunstancias imprevisibles, de forma que el USUARIO acepta soportar dentro de unos l\u00edmites razonables estas circunstancias, por lo cual renuncia expresamente a reclamar a COCEMFE CATALU\u00d1A cualquier responsabilidad por los posibles fallos, errores y uso del servicio. El usuario asume toda la responsabilidad derivada del uso de nuestra p\u00e1gina web, siendo el \u00fanico responsable de todo efecto directo o indirecto que sobre la p\u00e1gina web se derive, incluyendo, de forma enunciativa y no limitativa, todo resultado econ\u00f3mico, t\u00e9cnico y\/o jur\u00eddico adverso, as\u00ed como la defraudaci\u00f3n de las expectativas generadas por nuestro portal, oblig\u00e1ndose el usuario a mantener indemne a COCEMFE CATALU\u00d1A por cualquier reclamaci\u00f3n derivada, directa o indirectamente de tales hechos. COCEMFE CATALU\u00d1A no garantiza la exactitud, veracidad y vigencia de los contenidos de esta p\u00e1gina web, ya sean propios, de terceros, o enlazables a otras webs, quedando totalmente exonerada de cualquier responsabilidad derivada del uso de estos. COCEMFE CATALU\u00d1A queda exonerada de toda responsabilidad derivada de cualquier reclamaci\u00f3n, incluido el pago de honorarios a abogados, por las demandas y reclamaciones originadas por terceros por el incumplimiento por parte del USUARIO de nuestras condiciones de uso, acceso y pol\u00edtica de privacidad, o cualquier otra reclamaci\u00f3n por el incumplimiento de la legislaci\u00f3n vigente. El USUARIO reconoce que ha entendido toda la informaci\u00f3n respecto a las condiciones de uso de nuestro portal, y reconoce que son suficientes para la exclusi\u00f3n del error en estas y, por lo tanto, las acepta \u00edntegra y expresamente. El USUARIO es plenamente consciente que la mera navegaci\u00f3n por la presente p\u00e1gina web, as\u00ed como la utilizaci\u00f3n de sus servicios, implica la aceptaci\u00f3n de las presentes condiciones de uso. Todo lo en lo referente a nuestra p\u00e1gina web, se rige exclusivamente por las leyes espa\u00f1olas. En caso de que se produzca cualquier tipo de discrepancia o diferencia entre las partes en relaci\u00f3n con la interpretaci\u00f3n y contenido de la presente p\u00e1gina web, todas las Partes se someter\u00e1n a los juzgados o tribunales que resulten competentes en cada caso y, en los casos en que se prevea que las partes pueden someterse a un fuero, estas se someter\u00e1n a los Juzgados y Tribunales de la provincia de Barcelona, con renuncia expresa de cualquier otro que los pudiera corresponder.<\/span><\/p>\r\n<p><br \/><b><\/b><\/p>\r\n<ul>\r\n<li aria-level=\"1\"><b>VIGENCIA DE LAS CONDICIONES GENERALES DE ACCESO A LA WEB<\/b><\/li>\r\n<\/ul>\r\n<p><b><\/b><span style=\"font-weight: 400;\">Las presentes Condiciones Generales de uso han sido modificadas con fecha 24\/10\/2022. En cualquier momento podemos proceder a su modificaci\u00f3n. Por favor, compruebe la fecha de emisi\u00f3n en cada ocasi\u00f3n en que se conecte en nuestra p\u00e1gina Web y as\u00ed tendr\u00e1 la certeza que no se ha producido ninguna modificaci\u00f3n que le afecte. Para cualquier cuesti\u00f3n respecto a las Condiciones de Uso de nuestra p\u00e1gina web, puede ponerse en contacto con nosotros en los datos indicados anteriormente o con Lant Abogados, a <\/span><a href=\"mailto:info@lant-abogados.com\"><span style=\"font-weight: 400;\">info@lant-abogados.com<\/span><\/a><span style=\"font-weight: 400;\"> o a <\/span><a href=\"http:\/\/www.lant-abogados.com\"><span style=\"font-weight: 400;\">www.lant-abogados.com<\/span><\/a><span style=\"font-weight: 400;\">. <\/span><\/p>","_et_gb_content_width":"","footnotes":""},"class_list":["post-983","page","type-page","status-publish","hentry"],"acf":[],"_links":{"self":[{"href":"https:\/\/cocemfecatalunya.org\/es\/wp-json\/wp\/v2\/pages\/983","targetHints":{"allow":["GET"]}}],"collection":[{"href":"https:\/\/cocemfecatalunya.org\/es\/wp-json\/wp\/v2\/pages"}],"about":[{"href":"https:\/\/cocemfecatalunya.org\/es\/wp-json\/wp\/v2\/types\/page"}],"author":[{"embeddable":true,"href":"https:\/\/cocemfecatalunya.org\/es\/wp-json\/wp\/v2\/users\/1"}],"replies":[{"embeddable":true,"href":"https:\/\/cocemfecatalunya.org\/es\/wp-json\/wp\/v2\/comments?post=983"}],"version-history":[{"count":7,"href":"https:\/\/cocemfecatalunya.org\/es\/wp-json\/wp\/v2\/pages\/983\/revisions"}],"predecessor-version":[{"id":3899,"href":"https:\/\/cocemfecatalunya.org\/es\/wp-json\/wp\/v2\/pages\/983\/revisions\/3899"}],"wp:attachment":[{"href":"https:\/\/cocemfecatalunya.org\/es\/wp-json\/wp\/v2\/media?parent=983"}],"curies":[{"name":"wp","href":"https:\/\/api.w.org\/{rel}","templated":true}]}}