{"id":3592,"date":"2023-05-16T14:30:39","date_gmt":"2023-05-16T14:30:39","guid":{"rendered":"http:\/\/cocemfecatalunya.org\/que-hacemos\/observatorio-odf\/"},"modified":"2023-05-16T14:31:32","modified_gmt":"2023-05-16T14:31:32","slug":"observatorio-odf","status":"publish","type":"page","link":"https:\/\/cocemfecatalunya.org\/es\/que-hacemos\/observatorio-odf\/","title":{"rendered":"Observatorio ODF"},"content":{"rendered":"<p>[et_pb_section fb_built=\u00bb1&#8243; theme_builder_area=\u00bbpost_content\u00bb _builder_version=\u00bb4.17.4&#8243; _module_preset=\u00bbdefault\u00bb][et_pb_row _builder_version=\u00bb4.17.4&#8243; _module_preset=\u00bbdefault\u00bb hover_enabled=\u00bb0&#8243; locked=\u00bboff\u00bb global_colors_info=\u00bb{}\u00bb theme_builder_area=\u00bbpost_content\u00bb sticky_enabled=\u00bb0&#8243;][et_pb_column type=\u00bb4_4&#8243; _builder_version=\u00bb4.17.4&#8243; _module_preset=\u00bbdefault\u00bb global_colors_info=\u00bb{}\u00bb theme_builder_area=\u00bbpost_content\u00bb][et_pb_text _builder_version=\u00bb4.17.4&#8243; _module_preset=\u00bbdefault\u00bb text_font=\u00bbLibre Franklin||||||||\u00bb header_font=\u00bbLibre Franklin||||||||\u00bb header_text_color=\u00bb#637a9e\u00bb header_font_size=\u00bb50px\u00bb header_letter_spacing=\u00bb0.05px\u00bb hover_enabled=\u00bb0&#8243; custom_css_heading_h1=\u00bbfont-weight: 700;||text-transform: uppercase;\u00bb global_colors_info=\u00bb{}\u00bb theme_builder_area=\u00bbpost_content\u00bb sticky_enabled=\u00bb0&#8243;]<\/p>\n<h1><span style=\"font-weight: bold;\">OBSERVATORIO ODF<\/span><\/h1>\n<p>[\/et_pb_text][\/et_pb_column][\/et_pb_row][et_pb_row _builder_version=\u00bb4.17.4&#8243; _module_preset=\u00bbdefault\u00bb custom_margin=\u00bb0px||0px||true|false\u00bb custom_padding=\u00bb0px||0px||true|false\u00bb global_colors_info=\u00bb{}\u00bb theme_builder_area=\u00bbpost_content\u00bb][et_pb_column type=\u00bb4_4&#8243; _builder_version=\u00bb4.17.4&#8243; _module_preset=\u00bbdefault\u00bb global_colors_info=\u00bb{}\u00bb theme_builder_area=\u00bbpost_content\u00bb][et_pb_ds_breadcrumbs admin_label=\u00bball-pages-breadcrumb\u00bb module_id=\u00bball-pages-breadcrumb\u00bb _builder_version=\u00bb4.17.4&#8243; _module_preset=\u00bbdefault\u00bb global_colors_info=\u00bb{}\u00bb theme_builder_area=\u00bbpost_content\u00bb][\/et_pb_ds_breadcrumbs][\/et_pb_column][\/et_pb_row][\/et_pb_section][et_pb_section fb_built=\u00bb1&#8243; theme_builder_area=\u00bbpost_content\u00bb _builder_version=\u00bb4.17.4&#8243; _module_preset=\u00bbdefault\u00bb custom_padding=\u00bb0px||0px|||\u00bb][et_pb_row _builder_version=\u00bb4.17.4&#8243; _module_preset=\u00bbdefault\u00bb theme_builder_area=\u00bbpost_content\u00bb][et_pb_column _builder_version=\u00bb4.17.4&#8243; _module_preset=\u00bbdefault\u00bb type=\u00bb4_4&#8243; theme_builder_area=\u00bbpost_content\u00bb][et_pb_text _builder_version=\u00bb4.17.4&#8243; _module_preset=\u00bbdefault\u00bb theme_builder_area=\u00bbpost_content\u00bb text_font=\u00bbOpen Sans||||||||\u00bb text_font_size=\u00bb16px\u00bb text_line_height=\u00bb25px\u00bb text_text_color=\u00bb#5f727f\u00bb hover_enabled=\u00bb0&#8243; sticky_enabled=\u00bb0&#8243;]<\/p>\n<p><b>El Observatorio de la Discapacidad F\u00edsica (ODF) es un instrumento t\u00e9cnico al servicio de la sociedad para la recopilaci\u00f3n, sistematizaci\u00f3n, actualizaci\u00f3n, generaci\u00f3n y difusi\u00f3n de informaci\u00f3n relacionada con el \u00e1mbito de la discapacidad.<\/b><\/p>\n<p><b> <\/b><span style=\"font-weight: 400;\">ODF, UNA HERRAMIENTA AL SERVICIO DE LAS PERSONAS CON DISCAPACIDAD<\/span><\/p>\n<p><span style=\"font-weight: 400;\">El ODF se inspira en la Convenci\u00f3n de las Naciones Unidas sobre los Derechos de las Personas con Discapacidad, que tuvo lugar en Nueva York el 13 de diciembre de 2006, destacando la necesidad de: promover, proteger y asegurar el gozar pleno y en condiciones de igualdad de todos los derechos humanos y libertades fundamentales por parte de todas las personas con discapacidad, y promover el respeto a su dignidad inherente.<\/span><\/p>\n<p><span style=\"font-weight: 400;\">MISI\u00d3N<\/span><\/p>\n<p style=\"padding-left: 40px;\"><span style=\"font-weight: 400;\">Profundizar y generar conocimiento sobre la discapacidad para garantizar los derechos del colectivo que representamos y poner en la agenda pol\u00edtica la inclusi\u00f3n de las personas con discapacidad desde la diferencia, incidiendo en la accesibilidad universal y la cultura de las capacidades.<\/span><\/p>\n<p><span style=\"font-weight: 400;\"> <\/span><span style=\"font-weight: 400;\">VISIO\u0301N<\/span><\/p>\n<p style=\"padding-left: 40px;\"><span style=\"font-weight: 400;\">Consolidar un instrumento legitimado inspirado en los principios fundamentales de la Convenci\u00f3n de 2006, para poner en valor los derechos de las personas con discapacidad y su no discriminaci\u00f3n. Y as\u00ed, favorecer un modelo de sociedad m\u00e1s justa e igualitaria que valore las capacidades por encima de las discapacidades y respete los derechos de todos los <\/span><span style=\"font-weight: 400;\">seres<\/span> <span style=\"font-weight: 400;\">humanos.<\/span><\/p>\n<p>[\/et_pb_text][\/et_pb_column][\/et_pb_row][\/et_pb_section][et_pb_section fb_built=\u00bb1&#8243; theme_builder_area=\u00bbpost_content\u00bb _builder_version=\u00bb4.17.4&#8243; _module_preset=\u00bbdefault\u00bb custom_padding=\u00bb0px|||||\u00bb][et_pb_row _builder_version=\u00bb4.17.4&#8243; _module_preset=\u00bbdefault\u00bb theme_builder_area=\u00bbpost_content\u00bb column_structure=\u00bb3_5,2_5&#8243;][et_pb_column _builder_version=\u00bb4.17.4&#8243; _module_preset=\u00bbdefault\u00bb type=\u00bb3_5&#8243; theme_builder_area=\u00bbpost_content\u00bb][et_pb_text _builder_version=\u00bb4.17.4&#8243; _module_preset=\u00bbdefault\u00bb theme_builder_area=\u00bbpost_content\u00bb hover_enabled=\u00bb0&#8243; sticky_enabled=\u00bb0&#8243;]<\/p>\n<h2><span style=\"font-weight: 700;\">ESTUDIO COVID 19<\/span><\/h2>\n<p>[\/et_pb_text][et_pb_text _builder_version=\u00bb4.17.4&#8243; _module_preset=\u00bbdefault\u00bb theme_builder_area=\u00bbpost_content\u00bb hover_enabled=\u00bb0&#8243; sticky_enabled=\u00bb0&#8243; text_text_color=\u00bb#5f727f\u00bb text_font=\u00bbOpen Sans||||||||\u00bb text_font_size=\u00bb16px\u00bb text_line_height=\u00bb25px\u00bb]<\/p>\n<p><span style=\"font-weight: 400;\">COCEMFE Catalunya public\u00f3 un reciente estudio sobre el impacto en el colectivo de personas con discapacidad y personas con enfermedades cr\u00f3nicas durante la pandemia de la Covid-19, en el que se constat\u00f3 que aquellos colectivos que ya eran vulnerables previamente, aumentaron su vulnerabilidad a causa de los efectos del cierre domiciliario y toda la serie de restricciones implantadas durante el a\u00f1o y que afectan especialmente a personas que ya ten\u00edan problemas de accesibilidad.<\/span><\/p>\n<p><span style=\"font-weight: 400;\"><\/span><\/p>\n<ul>\n<li style=\"list-style-type: none;\">\n<ul>\n<li><span style=\"font-weight: 400;\">MUJER E IGUALDAD<\/span><\/li>\n<li><span style=\"font-weight: 400;\">APOYO ASOCIATIVO<\/span><\/li>\n<li><span style=\"font-weight: 400;\">ASESORAMIENTO<\/span> <span style=\"font-weight: 400;\">JUR\u00cdDICO<\/span> <span style=\"font-weight: 400;\">ECON\u00d3MICO<\/span> <span style=\"font-weight: 400;\">ETC.<\/span><\/li>\n<li><span style=\"font-weight: 400;\">FORMACI\u00d3N<\/span><\/li>\n<li><span style=\"font-weight: 400;\">DISE\u00d1ANDO SALUD<\/span><\/li>\n<\/ul>\n<\/li>\n<\/ul>\n<p>[\/et_pb_text][et_pb_text _builder_version=\u00bb4.17.4&#8243; _module_preset=\u00bbdefault\u00bb theme_builder_area=\u00bbpost_content\u00bb hover_enabled=\u00bb0&#8243; sticky_enabled=\u00bb0&#8243; text_text_color=\u00bb#5f727f\u00bb text_font=\u00bbOpen Sans||||||||\u00bb text_font_size=\u00bb16px\u00bb text_line_height=\u00bb25px\u00bb]<\/p>\n<p><span style=\"font-weight: 400;\">El proyecto \u201cDise\u00f1ando Salud\u201d tiene como finalidad ayudar a que personas con distinto tipo de discapacidad puedan adquirir h\u00e1bitos saludables relacionados con los \u00e1mbitos que m\u00e1s se han visto afectados por la pandemia de SARS-COV-2.<\/span><\/p>\n<p>[\/et_pb_text][\/et_pb_column][et_pb_column _builder_version=\u00bb4.17.4&#8243; _module_preset=\u00bbdefault\u00bb type=\u00bb2_5&#8243; theme_builder_area=\u00bbpost_content\u00bb][et_pb_image src=\u00bbhttp:\/\/cocemfecatalunya.org\/wp-content\/uploads\/2022\/07\/informe.jpg\u00bb _builder_version=\u00bb4.17.4&#8243; _module_preset=\u00bbdefault\u00bb theme_builder_area=\u00bbpost_content\u00bb title_text=\u00bbinforme\u00bb hover_enabled=\u00bb0&#8243; sticky_enabled=\u00bb0&#8243;][\/et_pb_image][\/et_pb_column][\/et_pb_row][\/et_pb_section]<\/p>\n","protected":false},"excerpt":{"rendered":"<p>OBSERVATORIO ODFEl Observatorio de la Discapacidad F\u00edsica (ODF) es un instrumento t\u00e9cnico al servicio de la sociedad para la recopilaci\u00f3n, sistematizaci\u00f3n, actualizaci\u00f3n, generaci\u00f3n y difusi\u00f3n de informaci\u00f3n relacionada con el \u00e1mbito de la discapacidad. ODF, UNA HERRAMIENTA AL SERVICIO DE LAS PERSONAS CON DISCAPACIDAD El ODF se inspira en la Convenci\u00f3n de las Naciones Unidas [&hellip;]<\/p>\n","protected":false},"author":1,"featured_media":0,"parent":3587,"menu_order":0,"comment_status":"closed","ping_status":"closed","template":"","meta":{"_acf_changed":false,"_et_pb_use_builder":"on","_et_pb_old_content":"","_et_gb_content_width":"","footnotes":""},"class_list":["post-3592","page","type-page","status-publish","hentry"],"acf":[],"_links":{"self":[{"href":"https:\/\/cocemfecatalunya.org\/es\/wp-json\/wp\/v2\/pages\/3592","targetHints":{"allow":["GET"]}}],"collection":[{"href":"https:\/\/cocemfecatalunya.org\/es\/wp-json\/wp\/v2\/pages"}],"about":[{"href":"https:\/\/cocemfecatalunya.org\/es\/wp-json\/wp\/v2\/types\/page"}],"author":[{"embeddable":true,"href":"https:\/\/cocemfecatalunya.org\/es\/wp-json\/wp\/v2\/users\/1"}],"replies":[{"embeddable":true,"href":"https:\/\/cocemfecatalunya.org\/es\/wp-json\/wp\/v2\/comments?post=3592"}],"version-history":[{"count":5,"href":"https:\/\/cocemfecatalunya.org\/es\/wp-json\/wp\/v2\/pages\/3592\/revisions"}],"predecessor-version":[{"id":3597,"href":"https:\/\/cocemfecatalunya.org\/es\/wp-json\/wp\/v2\/pages\/3592\/revisions\/3597"}],"up":[{"embeddable":true,"href":"https:\/\/cocemfecatalunya.org\/es\/wp-json\/wp\/v2\/pages\/3587"}],"wp:attachment":[{"href":"https:\/\/cocemfecatalunya.org\/es\/wp-json\/wp\/v2\/media?parent=3592"}],"curies":[{"name":"wp","href":"https:\/\/api.w.org\/{rel}","templated":true}]}}