{"id":3587,"date":"2023-05-16T14:24:55","date_gmt":"2023-05-16T14:24:55","guid":{"rendered":"http:\/\/cocemfecatalunya.org\/que-hacemos\/"},"modified":"2023-11-06T12:23:54","modified_gmt":"2023-11-06T12:23:54","slug":"que-hacemos","status":"publish","type":"page","link":"https:\/\/cocemfecatalunya.org\/es\/que-hacemos\/","title":{"rendered":"Qu\u00e9 hacemos"},"content":{"rendered":"<p>[et_pb_section fb_built=\u00bb1&#8243; _builder_version=\u00bb4.17.4&#8243; _module_preset=\u00bbdefault\u00bb custom_padding=\u00bb||0px||false|false\u00bb global_colors_info=\u00bb{}\u00bb][et_pb_row _builder_version=\u00bb4.17.4&#8243; _module_preset=\u00bbdefault\u00bb locked=\u00bboff\u00bb global_colors_info=\u00bb{}\u00bb][et_pb_column type=\u00bb4_4&#8243; _builder_version=\u00bb4.17.4&#8243; _module_preset=\u00bbdefault\u00bb global_colors_info=\u00bb{}\u00bb][et_pb_text _builder_version=\u00bb4.17.4&#8243; _module_preset=\u00bbdefault\u00bb text_font=\u00bbLibre Franklin||||||||\u00bb header_font=\u00bbLibre Franklin||||||||\u00bb header_text_color=\u00bb#637a9e\u00bb header_font_size=\u00bb50px\u00bb header_letter_spacing=\u00bb0.05px\u00bb custom_css_heading_h1=\u00bbfont-weight: 700;||text-transform: uppercase;\u00bb global_colors_info=\u00bb{}\u00bb]<\/p>\n<h1><span style=\"font-weight: bold;\">Qu\u00e9 hacemos<\/span><\/h1>\n<p>[\/et_pb_text][\/et_pb_column][\/et_pb_row][et_pb_row _builder_version=\u00bb4.17.4&#8243; _module_preset=\u00bbdefault\u00bb custom_margin=\u00bb0px||0px||true|false\u00bb custom_padding=\u00bb0px||0px||true|false\u00bb global_colors_info=\u00bb{}\u00bb][et_pb_column type=\u00bb4_4&#8243; _builder_version=\u00bb4.17.4&#8243; _module_preset=\u00bbdefault\u00bb global_colors_info=\u00bb{}\u00bb][et_pb_ds_breadcrumbs admin_label=\u00bball-pages-breadcrumb\u00bb module_id=\u00bball-pages-breadcrumb\u00bb _builder_version=\u00bb4.17.4&#8243; _module_preset=\u00bbdefault\u00bb global_colors_info=\u00bb{}\u00bb][\/et_pb_ds_breadcrumbs][\/et_pb_column][\/et_pb_row][\/et_pb_section][et_pb_section fb_built=\u00bb1&#8243; _builder_version=\u00bb4.17.4&#8243; _module_preset=\u00bbdefault\u00bb background_image=\u00bbhttp:\/\/cocemfecatalunya.org\/wp-content\/uploads\/2022\/07\/kaleidico-3V8xo5Gbusk-unsplash-scaled.jpg\u00bb height=\u00bb400px\u00bb max_height=\u00bb400px\u00bb custom_padding=\u00bb150px||150px||true|false\u00bb global_colors_info=\u00bb{}\u00bb][\/et_pb_section][et_pb_section fb_built=\u00bb1&#8243; _builder_version=\u00bb4.17.4&#8243; _module_preset=\u00bbdefault\u00bb custom_padding=\u00bb0px|||||\u00bb locked=\u00bboff\u00bb global_colors_info=\u00bb{}\u00bb][et_pb_row _builder_version=\u00bb4.17.4&#8243; _module_preset=\u00bbdefault\u00bb global_colors_info=\u00bb{}\u00bb][et_pb_column type=\u00bb4_4&#8243; _builder_version=\u00bb4.17.4&#8243; _module_preset=\u00bbdefault\u00bb global_colors_info=\u00bb{}\u00bb][et_pb_text _builder_version=\u00bb4.17.4&#8243; _module_preset=\u00bbdefault\u00bb text_font=\u00bbLibre Franklin||||||||\u00bb header_font=\u00bbLibre Franklin||||||||\u00bb header_text_color=\u00bb#637a9e\u00bb header_font_size=\u00bb50px\u00bb header_letter_spacing=\u00bb0.05px\u00bb header_2_font=\u00bbLibre Franklin||||||||\u00bb header_2_text_color=\u00bb#637a9e\u00bb header_2_font_size=\u00bb40px\u00bb custom_css_heading_h1=\u00bbfont-weight: 700;||text-transform: uppercase;\u00bb locked=\u00bboff\u00bb global_colors_info=\u00bb{}\u00bb]<\/p>\n<h2><strong>PLAN INTEGRAL PARA LA DEFENSA DE LAS PERSONAS CON DISCAPACIDAD<\/strong><\/h2>\n<p>[\/et_pb_text][et_pb_text _builder_version=\u00bb4.17.4&#8243; _module_preset=\u00bbdefault\u00bb text_font=\u00bbOpen Sans|600|||||||\u00bb text_text_color=\u00bb#5f727f\u00bb text_font_size=\u00bb16px\u00bb header_font=\u00bbLibre Franklin||||||||\u00bb header_text_color=\u00bb#637a9e\u00bb header_font_size=\u00bb50px\u00bb header_letter_spacing=\u00bb0.05px\u00bb header_2_font=\u00bbLibre Franklin||||||||\u00bb header_2_text_color=\u00bb#637a9e\u00bb header_2_font_size=\u00bb40px\u00bb custom_css_heading_h1=\u00bbfont-weight: 700;||text-transform: uppercase;\u00bb locked=\u00bboff\u00bb global_colors_info=\u00bb{}\u00bb]<\/p>\n<p>COCEMFE Catalu\u00f1a, de acuerdo con COCEMFE Estatal y con el Plan Estrat\u00e9gico 2019-2023, y coordinado desde los Servicios Centrales de COCEMFE, sistematiza la voluntad de generar la plena inclusi\u00f3n, cohesi\u00f3n y participaci\u00f3n de todas las entidades de COCEMFE sobre los tres niveles: provincial, auton\u00f3mico y nacional.<\/p>\n<p> A ra\u00edz de esto, COCEMFE Catalunya basa sus directrices de acuerdo con la representaci\u00f3n, promoci\u00f3n y potenciaci\u00f3n del impacto social y pol\u00edtico de toda la confederaci\u00f3n, impulsando la transformaci\u00f3n social de nuestra realidad m\u00e1s cercana, en nuestro territorio y con todas las personas que atienden a diario.<\/p>\n<p>[\/et_pb_text][\/et_pb_column][\/et_pb_row][et_pb_row column_structure=\u00bb1_5,1_5,1_5,1_5,1_5&#8243; make_equal=\u00bbon\u00bb _builder_version=\u00bb4.17.4&#8243; _module_preset=\u00bbdefault\u00bb global_colors_info=\u00bb{}\u00bb][et_pb_column type=\u00bb1_5&#8243; _builder_version=\u00bb4.17.4&#8243; _module_preset=\u00bbdefault\u00bb background_enable_color=\u00bboff\u00bb background_last_edited=\u00bboff|desktop\u00bb border_radii=\u00bbon|20px|20px|20px|20px\u00bb global_colors_info=\u00bb{}\u00bb background__hover_enabled=\u00bbon|hover\u00bb background_color__hover=\u00bb\u00bb background_enable_color__hover=\u00bboff\u00bb][\/et_pb_column][et_pb_column type=\u00bb1_5&#8243; _builder_version=\u00bb4.17.4&#8243; _module_preset=\u00bbdefault\u00bb background_color=\u00bb#d8dee7&#8243; border_radii=\u00bbon|20px|20px|20px|20px\u00bb global_colors_info=\u00bb{}\u00bb background__hover_enabled=\u00bbon|hover\u00bb background_color__hover=\u00bb#003c69&#8243; background_enable_color__hover=\u00bbon\u00bb][et_pb_blurb title=\u00bbOFICINA T\u00c9CNICA\u00bb use_icon=\u00bbon\u00bb font_icon=\u00bb&#xf0b1;||fa||900&#8243; icon_color=\u00bb#003c69&#8243; image_icon_width=\u00bb65px\u00bb _builder_version=\u00bb4.17.4&#8243; _dynamic_attributes=\u00bblink_option_url\u00bb _module_preset=\u00bbdefault\u00bb header_font=\u00bb|600||on|||||\u00bb header_text_align=\u00bbcenter\u00bb header_font_size=\u00bb16px\u00bb body_text_align=\u00bbcenter\u00bb body_text_color=\u00bb#0A0000&#8243; body_line_height=\u00bb1.5em\u00bb background_enable_color=\u00bboff\u00bb custom_padding=\u00bb20px|20px|20px|20px|true|true\u00bb link_option_url=\u00bb@ET-DC@eyJkeW5hbWljIjp0cnVlLCJjb250ZW50IjoicG9zdF9saW5rX3VybF9wYWdlIiwic2V0dGluZ3MiOnsicG9zdF9pZCI6IjIyOTEifX0=@\u00bb border_radii=\u00bbon|10px|10px|10px|10px\u00bb global_colors_info=\u00bb{}\u00bb icon_color__hover=\u00bb#FFFFFF\u00bb icon_color__hover_enabled=\u00bbon|hover\u00bb header_text_color__hover=\u00bb#FFFFFF\u00bb header_text_color__hover_enabled=\u00bbon|hover\u00bb body_text_color__hover=\u00bb#FFFFFF\u00bb body_text_color__hover_enabled=\u00bbon|hover\u00bb][\/et_pb_blurb][\/et_pb_column][et_pb_column type=\u00bb1_5&#8243; _builder_version=\u00bb4.17.4&#8243; _module_preset=\u00bbdefault\u00bb background_color=\u00bb#d8dee7&#8243; border_radii=\u00bbon|20px|20px|20px|20px\u00bb global_colors_info=\u00bb{}\u00bb background__hover_enabled=\u00bbon|hover\u00bb background_color__hover=\u00bb#003c69&#8243; background_enable_color__hover=\u00bbon\u00bb][et_pb_blurb title=\u00bbMarketplace\u00bb use_icon=\u00bbon\u00bb font_icon=\u00bb&#xf54e;||fa||900&#8243; icon_color=\u00bb#003c69&#8243; image_icon_width=\u00bb65px\u00bb _builder_version=\u00bb4.21.0&#8243; _module_preset=\u00bbdefault\u00bb header_font=\u00bb|600||on|||||\u00bb header_text_align=\u00bbcenter\u00bb header_font_size=\u00bb16px\u00bb body_text_align=\u00bbcenter\u00bb body_text_color=\u00bb#0A0000&#8243; body_line_height=\u00bb1.5em\u00bb background_enable_color=\u00bboff\u00bb custom_padding=\u00bb20px|20px|20px|20px|true|true\u00bb link_option_url=\u00bbhttps:\/\/marketplace.cocemfecatalunya.org\/\u00bb link_option_url_new_window=\u00bbon\u00bb border_radii=\u00bbon|10px|10px|10px|10px\u00bb global_colors_info=\u00bb{}\u00bb icon_color__hover=\u00bb#FFFFFF\u00bb icon_color__hover_enabled=\u00bbon|hover\u00bb header_text_color__hover=\u00bb#FFFFFF\u00bb header_text_color__hover_enabled=\u00bbon|hover\u00bb body_text_color__hover=\u00bb#FFFFFF\u00bb body_text_color__hover_enabled=\u00bbon|hover\u00bb][\/et_pb_blurb][\/et_pb_column][et_pb_column type=\u00bb1_5&#8243; _builder_version=\u00bb4.17.4&#8243; _module_preset=\u00bbdefault\u00bb background_color=\u00bb#d8dee7&#8243; border_radii=\u00bbon|20px|20px|20px|20px\u00bb global_colors_info=\u00bb{}\u00bb background__hover_enabled=\u00bbon|hover\u00bb background_color__hover=\u00bb#003c69&#8243; background_enable_color__hover=\u00bbon\u00bb][et_pb_blurb title=\u00bbDESAYUNOS\u00bb use_icon=\u00bbon\u00bb font_icon=\u00bb&#xf0f4;||fa||900&#8243; icon_color=\u00bb#003c69&#8243; image_icon_width=\u00bb65px\u00bb _builder_version=\u00bb4.17.4&#8243; _dynamic_attributes=\u00bblink_option_url\u00bb _module_preset=\u00bbdefault\u00bb header_font=\u00bb|600||on|||||\u00bb header_text_align=\u00bbcenter\u00bb header_font_size=\u00bb16px\u00bb body_text_align=\u00bbcenter\u00bb body_text_color=\u00bb#0A0000&#8243; body_line_height=\u00bb1.5em\u00bb background_enable_color=\u00bboff\u00bb custom_padding=\u00bb20px|20px|20px|20px|true|true\u00bb link_option_url=\u00bb@ET-DC@eyJkeW5hbWljIjp0cnVlLCJjb250ZW50IjoicG9zdF9saW5rX3VybF9wYWdlIiwic2V0dGluZ3MiOnsicG9zdF9pZCI6IjIyOTkifX0=@\u00bb border_radii=\u00bbon|10px|10px|10px|10px\u00bb global_colors_info=\u00bb{}\u00bb icon_color__hover=\u00bb#FFFFFF\u00bb icon_color__hover_enabled=\u00bbon|hover\u00bb header_text_color__hover=\u00bb#FFFFFF\u00bb header_text_color__hover_enabled=\u00bbon|hover\u00bb body_text_color__hover=\u00bb#FFFFFF\u00bb body_text_color__hover_enabled=\u00bbon|hover\u00bb][\/et_pb_blurb][\/et_pb_column][et_pb_column type=\u00bb1_5&#8243; _builder_version=\u00bb4.17.4&#8243; _module_preset=\u00bbdefault\u00bb background_enable_color=\u00bboff\u00bb border_radii=\u00bbon|20px|20px|20px|20px\u00bb global_colors_info=\u00bb{}\u00bb background__hover_enabled=\u00bbon|hover\u00bb background_color__hover=\u00bb\u00bb background_enable_color__hover=\u00bboff\u00bb][\/et_pb_column][\/et_pb_row][et_pb_row column_structure=\u00bb1_5,1_5,1_5,1_5,1_5&#8243; make_equal=\u00bbon\u00bb _builder_version=\u00bb4.17.4&#8243; _module_preset=\u00bbdefault\u00bb global_colors_info=\u00bb{}\u00bb][et_pb_column type=\u00bb1_5&#8243; _builder_version=\u00bb4.17.4&#8243; _module_preset=\u00bbdefault\u00bb background_enable_color=\u00bboff\u00bb background_last_edited=\u00bboff|desktop\u00bb border_radii=\u00bbon|20px|20px|20px|20px\u00bb global_colors_info=\u00bb{}\u00bb background__hover_enabled=\u00bbon|hover\u00bb background_color__hover=\u00bb\u00bb background_enable_color__hover=\u00bboff\u00bb][\/et_pb_column][et_pb_column type=\u00bb1_5&#8243; _builder_version=\u00bb4.17.4&#8243; _module_preset=\u00bbdefault\u00bb background_color=\u00bb#d8dee7&#8243; border_radii=\u00bbon|20px|20px|20px|20px\u00bb global_colors_info=\u00bb{}\u00bb background__hover_enabled=\u00bbon|hover\u00bb background_color__hover=\u00bb#003c69&#8243; background_enable_color__hover=\u00bbon\u00bb][et_pb_blurb title=\u00bb\u00c1rea de igualdad\u00bb use_icon=\u00bbon\u00bb font_icon=\u00bb&#xf52c;||fa||900&#8243; icon_color=\u00bb#003c69&#8243; image_icon_width=\u00bb65px\u00bb _builder_version=\u00bb4.17.4&#8243; _dynamic_attributes=\u00bblink_option_url\u00bb _module_preset=\u00bbdefault\u00bb header_font=\u00bb|600||on|||||\u00bb header_text_align=\u00bbcenter\u00bb header_font_size=\u00bb16px\u00bb body_text_align=\u00bbcenter\u00bb body_text_color=\u00bb#0A0000&#8243; body_line_height=\u00bb1.5em\u00bb background_enable_color=\u00bboff\u00bb custom_padding=\u00bb20px|20px|20px|20px|true|true\u00bb link_option_url=\u00bb@ET-DC@eyJkeW5hbWljIjp0cnVlLCJjb250ZW50IjoicG9zdF9saW5rX3VybF9wYWdlIiwic2V0dGluZ3MiOnsicG9zdF9pZCI6IjIzMTYifX0=@\u00bb border_radii=\u00bbon|10px|10px|10px|10px\u00bb global_colors_info=\u00bb{}\u00bb icon_color__hover=\u00bb#FFFFFF\u00bb icon_color__hover_enabled=\u00bbon|hover\u00bb header_text_color__hover=\u00bb#FFFFFF\u00bb header_text_color__hover_enabled=\u00bbon|hover\u00bb body_text_color__hover=\u00bb#FFFFFF\u00bb body_text_color__hover_enabled=\u00bbon|hover\u00bb][\/et_pb_blurb][\/et_pb_column][et_pb_column type=\u00bb1_5&#8243; _builder_version=\u00bb4.17.4&#8243; _module_preset=\u00bbdefault\u00bb background_color=\u00bb#d8dee7&#8243; border_radii=\u00bbon|20px|20px|20px|20px\u00bb global_colors_info=\u00bb{}\u00bb background__hover_enabled=\u00bbon|hover\u00bb background_color__hover=\u00bb#003c69&#8243; background_enable_color__hover=\u00bbon\u00bb][et_pb_blurb title=\u00bbPROYECTO DE FISIOTERAPIA\u00bb use_icon=\u00bbon\u00bb font_icon=\u00bb&#xe08b;||divi||400&#8243; icon_color=\u00bb#003c69&#8243; image_icon_width=\u00bb65px\u00bb _builder_version=\u00bb4.17.4&#8243; _dynamic_attributes=\u00bblink_option_url\u00bb _module_preset=\u00bbdefault\u00bb header_font=\u00bb|600||on|||||\u00bb header_text_align=\u00bbcenter\u00bb header_font_size=\u00bb16px\u00bb body_text_align=\u00bbcenter\u00bb body_text_color=\u00bb#0A0000&#8243; body_line_height=\u00bb1.5em\u00bb background_enable_color=\u00bboff\u00bb custom_padding=\u00bb20px|20px|20px|20px|true|true\u00bb link_option_url=\u00bb@ET-DC@eyJkeW5hbWljIjp0cnVlLCJjb250ZW50IjoicG9zdF9saW5rX3VybF9wYWdlIiwic2V0dGluZ3MiOnsicG9zdF9pZCI6IjIzMzIifX0=@\u00bb border_radii=\u00bbon|10px|10px|10px|10px\u00bb global_colors_info=\u00bb{}\u00bb icon_color__hover=\u00bb#FFFFFF\u00bb icon_color__hover_enabled=\u00bbon|hover\u00bb header_text_color__hover=\u00bb#FFFFFF\u00bb header_text_color__hover_enabled=\u00bbon|hover\u00bb body_text_color__hover=\u00bb#FFFFFF\u00bb body_text_color__hover_enabled=\u00bbon|hover\u00bb][\/et_pb_blurb][\/et_pb_column][et_pb_column type=\u00bb1_5&#8243; _builder_version=\u00bb4.17.4&#8243; _module_preset=\u00bbdefault\u00bb background_color=\u00bb#d8dee7&#8243; border_radii=\u00bbon|20px|20px|20px|20px\u00bb global_colors_info=\u00bb{}\u00bb background__hover_enabled=\u00bbon|hover\u00bb background_color__hover=\u00bb#003c69&#8243; background_enable_color__hover=\u00bbon\u00bb][et_pb_blurb title=\u00bbFORTALECIMIENTO DEL TEJIDO ASOCIATIVO\u00bb use_icon=\u00bbon\u00bb font_icon=\u00bb&#xf542;||fa||900&#8243; icon_color=\u00bb#003c69&#8243; image_icon_width=\u00bb65px\u00bb _builder_version=\u00bb4.17.4&#8243; _dynamic_attributes=\u00bblink_option_url\u00bb _module_preset=\u00bbdefault\u00bb header_font=\u00bb|600||on|||||\u00bb header_text_align=\u00bbcenter\u00bb header_font_size=\u00bb16px\u00bb body_text_align=\u00bbcenter\u00bb body_text_color=\u00bb#0A0000&#8243; body_line_height=\u00bb1.5em\u00bb background_enable_color=\u00bboff\u00bb custom_padding=\u00bb20px|20px|20px|20px|true|true\u00bb link_option_url=\u00bb@ET-DC@eyJkeW5hbWljIjp0cnVlLCJjb250ZW50IjoicG9zdF9saW5rX3VybF9wYWdlIiwic2V0dGluZ3MiOnsicG9zdF9pZCI6IjIzMjcifX0=@\u00bb border_radii=\u00bbon|10px|10px|10px|10px\u00bb global_colors_info=\u00bb{}\u00bb icon_color__hover=\u00bb#FFFFFF\u00bb icon_color__hover_enabled=\u00bbon|hover\u00bb header_text_color__hover=\u00bb#FFFFFF\u00bb header_text_color__hover_enabled=\u00bbon|hover\u00bb body_text_color__hover=\u00bb#FFFFFF\u00bb body_text_color__hover_enabled=\u00bbon|hover\u00bb][\/et_pb_blurb][\/et_pb_column][et_pb_column type=\u00bb1_5&#8243; _builder_version=\u00bb4.17.4&#8243; _module_preset=\u00bbdefault\u00bb background_enable_color=\u00bboff\u00bb border_radii=\u00bbon|20px|20px|20px|20px\u00bb global_colors_info=\u00bb{}\u00bb background__hover_enabled=\u00bbon|hover\u00bb background_color__hover=\u00bb\u00bb background_enable_color__hover=\u00bboff\u00bb][\/et_pb_column][\/et_pb_row][et_pb_row column_structure=\u00bb1_5,1_5,1_5,1_5,1_5&#8243; make_equal=\u00bbon\u00bb _builder_version=\u00bb4.22.2&#8243; _module_preset=\u00bbdefault\u00bb hover_enabled=\u00bb0&#8243; global_colors_info=\u00bb{}\u00bb sticky_enabled=\u00bb0&#8243;][et_pb_column type=\u00bb1_5&#8243; _builder_version=\u00bb4.17.4&#8243; _module_preset=\u00bbdefault\u00bb background_enable_color=\u00bboff\u00bb background_last_edited=\u00bboff|desktop\u00bb border_radii=\u00bbon|20px|20px|20px|20px\u00bb global_colors_info=\u00bb{}\u00bb background__hover_enabled=\u00bbon|hover\u00bb background_color__hover=\u00bb\u00bb background_enable_color__hover=\u00bboff\u00bb][\/et_pb_column][et_pb_column type=\u00bb1_5&#8243; _builder_version=\u00bb4.22.2&#8243; _module_preset=\u00bbdefault\u00bb hover_enabled=\u00bb0&#8243; global_colors_info=\u00bb{}\u00bb border_radii=\u00bbon|20px|20px|20px|20px\u00bb sticky_enabled=\u00bb0&#8243;][et_pb_blurb title=\u00bbFORMULARIO DE DENUNCIAS Y RECLAMACIONES\u00bb use_icon=\u00bbon\u00bb font_icon=\u00bb&#xf515;||fa||900&#8243; icon_color=\u00bb#003c69&#8243; image_icon_width=\u00bb65px\u00bb _builder_version=\u00bb4.22.2&#8243; _module_preset=\u00bbdefault\u00bb header_font=\u00bb|600||on|||||\u00bb header_text_align=\u00bbcenter\u00bb header_font_size=\u00bb16px\u00bb body_text_align=\u00bbcenter\u00bb body_text_color=\u00bb#0A0000&#8243; body_line_height=\u00bb1.5em\u00bb background_enable_color=\u00bboff\u00bb custom_padding=\u00bb20px|20px|20px|20px|true|true\u00bb link_option_url=\u00bbhttps:\/\/docs.google.com\/forms\/d\/e\/1FAIpQLSeqZMEQw7aFNuJA05ThNNIz7c33OZA4jl5JPabMePs0SYUvwg\/viewform\u00bb hover_enabled=\u00bb0&#8243; border_radii=\u00bbon|10px|10px|10px|10px\u00bb global_colors_info=\u00bb{}\u00bb icon_color__hover=\u00bb#FFFFFF\u00bb icon_color__hover_enabled=\u00bbon|hover\u00bb header_text_color__hover=\u00bb#FFFFFF\u00bb header_text_color__hover_enabled=\u00bbon|hover\u00bb body_text_color__hover=\u00bb#FFFFFF\u00bb body_text_color__hover_enabled=\u00bbon|hover\u00bb sticky_enabled=\u00bb0&#8243;][\/et_pb_blurb][\/et_pb_column][et_pb_column type=\u00bb1_5&#8243; _builder_version=\u00bb4.17.4&#8243; _module_preset=\u00bbdefault\u00bb background_color=\u00bb#d8dee7&#8243; border_radii=\u00bbon|20px|20px|20px|20px\u00bb global_colors_info=\u00bb{}\u00bb background__hover_enabled=\u00bbon|hover\u00bb background_color__hover=\u00bb#003c69&#8243; background_enable_color__hover=\u00bbon\u00bb][et_pb_blurb title=\u00bbDISCAPACIDAD, CRONICIDAD Y AUTONOM\u00cdA PERSONAL\u00bb use_icon=\u00bbon\u00bb font_icon=\u00bb&#xf29d;||fa||900&#8243; icon_color=\u00bb#003c69&#8243; image_icon_width=\u00bb65px\u00bb _builder_version=\u00bb4.17.4&#8243; _dynamic_attributes=\u00bblink_option_url\u00bb _module_preset=\u00bbdefault\u00bb header_font=\u00bb|600||on|||||\u00bb header_text_align=\u00bbcenter\u00bb header_font_size=\u00bb16px\u00bb body_text_align=\u00bbcenter\u00bb body_text_color=\u00bb#0A0000&#8243; body_line_height=\u00bb1.5em\u00bb background_enable_color=\u00bboff\u00bb custom_padding=\u00bb20px|20px|20px|20px|true|true\u00bb link_option_url=\u00bb@ET-DC@eyJkeW5hbWljIjp0cnVlLCJjb250ZW50IjoicG9zdF9saW5rX3VybF9wYWdlIiwic2V0dGluZ3MiOnsicG9zdF9pZCI6IjIzMjMifX0=@\u00bb border_radii=\u00bbon|10px|10px|10px|10px\u00bb global_colors_info=\u00bb{}\u00bb icon_color__hover=\u00bb#FFFFFF\u00bb icon_color__hover_enabled=\u00bbon|hover\u00bb header_text_color__hover=\u00bb#FFFFFF\u00bb header_text_color__hover_enabled=\u00bbon|hover\u00bb body_text_color__hover=\u00bb#FFFFFF\u00bb body_text_color__hover_enabled=\u00bbon|hover\u00bb][\/et_pb_blurb][\/et_pb_column][et_pb_column type=\u00bb1_5&#8243; _builder_version=\u00bb4.22.2&#8243; _module_preset=\u00bbdefault\u00bb hover_enabled=\u00bb0&#8243; global_colors_info=\u00bb{}\u00bb border_radii=\u00bbon|20px|20px|20px|20px\u00bb sticky_enabled=\u00bb0&#8243;][et_pb_blurb title=\u00bbDISCAPACIDAD, CRONICIDAD Y AUTONOM\u00cdA PERSONAL\u00bb use_icon=\u00bbon\u00bb font_icon=\u00bb&#xf29d;||fa||900&#8243; icon_color=\u00bb#003c69&#8243; image_icon_width=\u00bb65px\u00bb _builder_version=\u00bb4.17.4&#8243; _dynamic_attributes=\u00bblink_option_url\u00bb _module_preset=\u00bbdefault\u00bb header_font=\u00bb|600||on|||||\u00bb header_text_align=\u00bbcenter\u00bb header_font_size=\u00bb16px\u00bb body_text_align=\u00bbcenter\u00bb body_text_color=\u00bb#0A0000&#8243; body_line_height=\u00bb1.5em\u00bb background_enable_color=\u00bboff\u00bb custom_padding=\u00bb20px|20px|20px|20px|true|true\u00bb link_option_url=\u00bb@ET-DC@eyJkeW5hbWljIjp0cnVlLCJjb250ZW50IjoicG9zdF9saW5rX3VybF9wYWdlIiwic2V0dGluZ3MiOnsicG9zdF9pZCI6IjIzMjMifX0=@\u00bb border_radii=\u00bbon|10px|10px|10px|10px\u00bb global_colors_info=\u00bb{}\u00bb icon_color__hover=\u00bb#FFFFFF\u00bb icon_color__hover_enabled=\u00bbon|hover\u00bb header_text_color__hover=\u00bb#FFFFFF\u00bb header_text_color__hover_enabled=\u00bbon|hover\u00bb body_text_color__hover=\u00bb#FFFFFF\u00bb body_text_color__hover_enabled=\u00bbon|hover\u00bb][\/et_pb_blurb][\/et_pb_column][et_pb_column type=\u00bb1_5&#8243; _builder_version=\u00bb4.17.4&#8243; _module_preset=\u00bbdefault\u00bb background_enable_color=\u00bboff\u00bb border_radii=\u00bbon|20px|20px|20px|20px\u00bb global_colors_info=\u00bb{}\u00bb background__hover_enabled=\u00bbon|hover\u00bb background_color__hover=\u00bb\u00bb background_enable_color__hover=\u00bboff\u00bb][\/et_pb_column][\/et_pb_row][\/et_pb_section]<\/p>\n","protected":false},"excerpt":{"rendered":"<p>Qu\u00e9 hacemosPLAN INTEGRAL PARA LA DEFENSA DE LAS PERSONAS CON DISCAPACIDADCOCEMFE Catalu\u00f1a, de acuerdo con COCEMFE Estatal y con el Plan Estrat\u00e9gico 2019-2023, y coordinado desde los Servicios Centrales de COCEMFE, sistematiza la voluntad de generar la plena inclusi\u00f3n, cohesi\u00f3n y participaci\u00f3n de todas las entidades de COCEMFE sobre los tres niveles: provincial, auton\u00f3mico y [&hellip;]<\/p>\n","protected":false},"author":1,"featured_media":0,"parent":0,"menu_order":0,"comment_status":"closed","ping_status":"closed","template":"","meta":{"_acf_changed":false,"_et_pb_use_builder":"on","_et_pb_old_content":"","_et_gb_content_width":"","footnotes":""},"class_list":["post-3587","page","type-page","status-publish","hentry"],"acf":[],"_links":{"self":[{"href":"https:\/\/cocemfecatalunya.org\/es\/wp-json\/wp\/v2\/pages\/3587","targetHints":{"allow":["GET"]}}],"collection":[{"href":"https:\/\/cocemfecatalunya.org\/es\/wp-json\/wp\/v2\/pages"}],"about":[{"href":"https:\/\/cocemfecatalunya.org\/es\/wp-json\/wp\/v2\/types\/page"}],"author":[{"embeddable":true,"href":"https:\/\/cocemfecatalunya.org\/es\/wp-json\/wp\/v2\/users\/1"}],"replies":[{"embeddable":true,"href":"https:\/\/cocemfecatalunya.org\/es\/wp-json\/wp\/v2\/comments?post=3587"}],"version-history":[{"count":6,"href":"https:\/\/cocemfecatalunya.org\/es\/wp-json\/wp\/v2\/pages\/3587\/revisions"}],"predecessor-version":[{"id":4461,"href":"https:\/\/cocemfecatalunya.org\/es\/wp-json\/wp\/v2\/pages\/3587\/revisions\/4461"}],"wp:attachment":[{"href":"https:\/\/cocemfecatalunya.org\/es\/wp-json\/wp\/v2\/media?parent=3587"}],"curies":[{"name":"wp","href":"https:\/\/api.w.org\/{rel}","templated":true}]}}