{"id":3584,"date":"2023-05-16T14:22:22","date_gmt":"2023-05-16T14:22:22","guid":{"rendered":"http:\/\/cocemfecatalunya.org\/proyecto-de-fisioterapia\/"},"modified":"2026-01-14T15:46:58","modified_gmt":"2026-01-14T14:46:58","slug":"proyecto-de-fisioterapia","status":"publish","type":"page","link":"https:\/\/cocemfecatalunya.org\/es\/proyecto-de-fisioterapia\/","title":{"rendered":"Proyecto de fisioterapia"},"content":{"rendered":"<p>[et_pb_section fb_built=\u00bb1&#8243; _builder_version=\u00bb4.17.4&#8243; _module_preset=\u00bbdefault\u00bb custom_padding=\u00bb||0px|||\u00bb global_colors_info=\u00bb{}\u00bb][et_pb_row _builder_version=\u00bb4.17.4&#8243; _module_preset=\u00bbdefault\u00bb locked=\u00bboff\u00bb global_colors_info=\u00bb{}\u00bb][et_pb_column type=\u00bb4_4&#8243; _builder_version=\u00bb4.17.4&#8243; _module_preset=\u00bbdefault\u00bb global_colors_info=\u00bb{}\u00bb][et_pb_text _builder_version=\u00bb4.17.4&#8243; _module_preset=\u00bbdefault\u00bb text_font=\u00bbLibre Franklin||||||||\u00bb header_font=\u00bbLibre Franklin||||||||\u00bb header_text_color=\u00bb#637a9e\u00bb header_font_size=\u00bb50px\u00bb header_letter_spacing=\u00bb0.05px\u00bb custom_css_heading_h1=\u00bbfont-weight: 700;||text-transform: uppercase;\u00bb global_colors_info=\u00bb{}\u00bb]<\/p>\n<h1><strong>PROYECTO DE FISIOTERAPIA<\/strong><\/h1>\n<p>[\/et_pb_text][\/et_pb_column][\/et_pb_row][et_pb_row _builder_version=\u00bb4.17.4&#8243; _module_preset=\u00bbdefault\u00bb custom_margin=\u00bb0px||0px||true|false\u00bb custom_padding=\u00bb0px||0px||true|false\u00bb global_colors_info=\u00bb{}\u00bb][et_pb_column type=\u00bb4_4&#8243; _builder_version=\u00bb4.17.4&#8243; _module_preset=\u00bbdefault\u00bb global_colors_info=\u00bb{}\u00bb][et_pb_ds_breadcrumbs admin_label=\u00bball-pages-breadcrumb\u00bb module_id=\u00bball-pages-breadcrumb\u00bb _builder_version=\u00bb4.17.4&#8243; _module_preset=\u00bbdefault\u00bb global_colors_info=\u00bb{}\u00bb][\/et_pb_ds_breadcrumbs][\/et_pb_column][\/et_pb_row][\/et_pb_section][et_pb_section fb_built=\u00bb1&#8243; _builder_version=\u00bb4.17.4&#8243; _module_preset=\u00bbdefault\u00bb custom_padding=\u00bb0px|||||\u00bb global_colors_info=\u00bb{}\u00bb][et_pb_row _builder_version=\u00bb4.17.4&#8243; _module_preset=\u00bbdefault\u00bb global_colors_info=\u00bb{}\u00bb][et_pb_column type=\u00bb4_4&#8243; _builder_version=\u00bb4.17.4&#8243; _module_preset=\u00bbdefault\u00bb global_colors_info=\u00bb{}\u00bb][et_pb_image src=\u00bbhttps:\/\/cocemfecatalunya.org\/wp-content\/uploads\/2022\/08\/PROJECTE-DE-FISIOTERAPIA.jpg\u00bb title_text=\u00bbPROYECTO DE FISIOTERAPIA\u00bb align=\u00bbcenter\u00bb _builder_version=\u00bb4.17.4&#8243; _module_preset=\u00bbdefault\u00bb width=\u00bb40%\u00bb width_tablet=\u00bb40%\u00bb width_phone=\u00bb40%\u00bb width_last_edited=\u00bbon|tablet\u00bb global_colors_info=\u00bb{}\u00bb][\/et_pb_image][et_pb_text _builder_version=\u00bb4.27.4&#8243; _module_preset=\u00bbdefault\u00bb text_font=\u00bbOpen Sans||||||||\u00bb text_font_size=\u00bb16px\u00bb global_colors_info=\u00bb{}\u00bb]<\/p>\n<p>El proyecto \u00abNECESITAS FISIO?: Apoyo a las necesidades de fisioterapia de las entidades federadas\u00bb tiene como finalidad proporcionar el servicio de fisioterapia profesional a personas con discapacidad f\u00edsica y org\u00e1nica de Catalu\u00f1a, sobre todo haciendo especial incidencia a aquellas personas m\u00e1s vulnerables y\/o que no tienen acceso.<\/p>\n<p>De hecho, COCEMFE Catalunya, el pasado mes de diciembre de 2021, public\u00f3 los resultados de un reciente estudio sobre el impacto en el colectivo de personas con discapacidad y personas con enfermedades cr\u00f3nicas durante la pandemia de la Covid-19 tanto en Barcelona, \u200b\u200bcomo el \u00c1rea Metropolitana como en el \u00e1mbito de Catalu\u00f1a, en el que se constat\u00f3 que estos colectivos, que ya eran vulnerables previamente, aumentaron su vulnerabilidad debido a los efectos del cierre domiciliario y toda la serie de restricciones implantadas durante los a\u00f1os 2020 y 2021<\/p>\n<p>En muchos casos estas personas han perdido h\u00e1bitos previamente adquiridos en diferentes \u00e1mbitos: su actividad f\u00edsica nula, aumentando el sedentarismo y, por tanto, sus riesgos asociados a la salud, las dificultades de socializar con otras personas y el cuidado de la su salud mental entre otros. Adem\u00e1s, la falta de soportes para realizar sus AVD (Actividades de la Vida Diaria), ha desatado la falta de rutinas y h\u00e1bitos.<\/p>\n<p>Es, por tanto, imprescindible ofrecer al colectivo recursos, sencillos, pero efectivos, basados \u200b\u200ben la evidencia cient\u00edfica pero, a la vez, f\u00e1cilmente asumibles por los profesionales y que tengan un impacto directo en la calidad de vida de la persona.<\/p>\n<p>Un buen estado de salud, es uno de los objetivos m\u00e1s recurrentes en los proyectos de promoci\u00f3n de la salud e incardinado en el ODS N\u00famero 3. SALUD Y BIENESTAR que habla de garantizar una vida sana y promover el bienestar para todas las edades, ligado al art\u00edculo 5 de igualdad de oportunidades y 25 sobre la salud de la Convenci\u00f3n sobre Derechos Humanos de las Personas con Discapacidad.<\/p>\n<p>Si teneis necesidad de este servicio hacednos llegar vuestros datos a coordinacio@cocemfecatalunya.org<\/p>\n<p>Este proyecto se desarrolla gracias al apoyo de:<\/p>\n<p>[\/et_pb_text][et_pb_image src=\u00bbhttps:\/\/cocemfecatalunya.org\/wp-content\/uploads\/2026\/01\/3.png\u00bb title_text=\u00bb3&#8243; _builder_version=\u00bb4.27.4&#8243; _module_preset=\u00bbdefault\u00bb hover_enabled=\u00bb0&#8243; global_colors_info=\u00bb{}\u00bb sticky_enabled=\u00bb0&#8243;][\/et_pb_image][\/et_pb_column][\/et_pb_row][\/et_pb_section]<\/p>\n","protected":false},"excerpt":{"rendered":"<p>PROYECTO DE FISIOTERAPIAEl proyecto \u00abNECESITAS FISIO?: Apoyo a las necesidades de fisioterapia de las entidades federadas\u00bb tiene como finalidad proporcionar el servicio de fisioterapia profesional a personas con discapacidad f\u00edsica y org\u00e1nica de Catalu\u00f1a, sobre todo haciendo especial incidencia a aquellas personas m\u00e1s vulnerables y\/o que no tienen acceso. De hecho, COCEMFE Catalunya, el pasado [&hellip;]<\/p>\n","protected":false},"author":1,"featured_media":0,"parent":0,"menu_order":0,"comment_status":"closed","ping_status":"closed","template":"","meta":{"_acf_changed":false,"_et_pb_use_builder":"on","_et_pb_old_content":"","_et_gb_content_width":"","footnotes":""},"class_list":["post-3584","page","type-page","status-publish","hentry"],"acf":[],"_links":{"self":[{"href":"https:\/\/cocemfecatalunya.org\/es\/wp-json\/wp\/v2\/pages\/3584","targetHints":{"allow":["GET"]}}],"collection":[{"href":"https:\/\/cocemfecatalunya.org\/es\/wp-json\/wp\/v2\/pages"}],"about":[{"href":"https:\/\/cocemfecatalunya.org\/es\/wp-json\/wp\/v2\/types\/page"}],"author":[{"embeddable":true,"href":"https:\/\/cocemfecatalunya.org\/es\/wp-json\/wp\/v2\/users\/1"}],"replies":[{"embeddable":true,"href":"https:\/\/cocemfecatalunya.org\/es\/wp-json\/wp\/v2\/comments?post=3584"}],"version-history":[{"count":6,"href":"https:\/\/cocemfecatalunya.org\/es\/wp-json\/wp\/v2\/pages\/3584\/revisions"}],"predecessor-version":[{"id":6551,"href":"https:\/\/cocemfecatalunya.org\/es\/wp-json\/wp\/v2\/pages\/3584\/revisions\/6551"}],"wp:attachment":[{"href":"https:\/\/cocemfecatalunya.org\/es\/wp-json\/wp\/v2\/media?parent=3584"}],"curies":[{"name":"wp","href":"https:\/\/api.w.org\/{rel}","templated":true}]}}