{"id":3576,"date":"2023-05-16T14:12:38","date_gmt":"2023-05-16T14:12:38","guid":{"rendered":"http:\/\/cocemfecatalunya.org\/oficina-tecnica\/"},"modified":"2023-05-16T14:12:43","modified_gmt":"2023-05-16T14:12:43","slug":"oficina-tecnica","status":"publish","type":"page","link":"https:\/\/cocemfecatalunya.org\/es\/oficina-tecnica\/","title":{"rendered":"Oficina t\u00e9cnica"},"content":{"rendered":"<p>[et_pb_section fb_built=\u00bb1&#8243; _builder_version=\u00bb4.17.4&#8243; _module_preset=\u00bbdefault\u00bb custom_padding=\u00bb||0px|||\u00bb global_colors_info=\u00bb{}\u00bb][et_pb_row _builder_version=\u00bb4.17.4&#8243; _module_preset=\u00bbdefault\u00bb locked=\u00bboff\u00bb global_colors_info=\u00bb{}\u00bb][et_pb_column type=\u00bb4_4&#8243; _builder_version=\u00bb4.17.4&#8243; _module_preset=\u00bbdefault\u00bb global_colors_info=\u00bb{}\u00bb][et_pb_text _builder_version=\u00bb4.17.4&#8243; _module_preset=\u00bbdefault\u00bb text_font=\u00bbLibre Franklin||||||||\u00bb header_font=\u00bbLibre Franklin||||||||\u00bb header_text_color=\u00bb#637a9e\u00bb header_font_size=\u00bb50px\u00bb header_letter_spacing=\u00bb0.05px\u00bb custom_css_heading_h1=\u00bbfont-weight: 700;||text-transform: uppercase;\u00bb global_colors_info=\u00bb{}\u00bb]<\/p>\n<h1><strong>oficina t\u00e9cnica<\/strong><\/h1>\n<p>[\/et_pb_text][\/et_pb_column][\/et_pb_row][et_pb_row _builder_version=\u00bb4.17.4&#8243; _module_preset=\u00bbdefault\u00bb custom_margin=\u00bb0px||0px||true|false\u00bb custom_padding=\u00bb0px||0px||true|false\u00bb global_colors_info=\u00bb{}\u00bb][et_pb_column type=\u00bb4_4&#8243; _builder_version=\u00bb4.17.4&#8243; _module_preset=\u00bbdefault\u00bb global_colors_info=\u00bb{}\u00bb][et_pb_ds_breadcrumbs admin_label=\u00bball-pages-breadcrumb\u00bb module_id=\u00bball-pages-breadcrumb\u00bb _builder_version=\u00bb4.17.4&#8243; _module_preset=\u00bbdefault\u00bb global_colors_info=\u00bb{}\u00bb][\/et_pb_ds_breadcrumbs][\/et_pb_column][\/et_pb_row][\/et_pb_section][et_pb_section fb_built=\u00bb1&#8243; _builder_version=\u00bb4.17.4&#8243; _module_preset=\u00bbdefault\u00bb custom_padding=\u00bb0px|||||\u00bb global_colors_info=\u00bb{}\u00bb][et_pb_row _builder_version=\u00bb4.17.4&#8243; _module_preset=\u00bbdefault\u00bb global_colors_info=\u00bb{}\u00bb][et_pb_column type=\u00bb4_4&#8243; _builder_version=\u00bb4.17.4&#8243; _module_preset=\u00bbdefault\u00bb global_colors_info=\u00bb{}\u00bb][et_pb_image src=\u00bbhttp:\/\/cocemfecatalunya.org\/wp-content\/uploads\/2022\/08\/oficina-tecnica.jpg\u00bb title_text=\u00bboficina tecnica\u00bb align=\u00bbcenter\u00bb _builder_version=\u00bb4.17.4&#8243; _module_preset=\u00bbdefault\u00bb width=\u00bb40%\u00bb width_tablet=\u00bb40%\u00bb width_phone=\u00bb40%\u00bb width_last_edited=\u00bbon|tablet\u00bb global_colors_info=\u00bb{}\u00bb][\/et_pb_image][et_pb_text _builder_version=\u00bb4.17.4&#8243; _module_preset=\u00bbdefault\u00bb text_font=\u00bbOpen Sans||||||||\u00bb text_font_size=\u00bb16px\u00bb global_colors_info=\u00bb{}\u00bb]<\/p>\n<p>El equipo de la Oficina T\u00e9cnica ofrece el apoyo para solucionar dudas, asesorar en procedimientos econ\u00f3micos, formular proyectos y tramitar los hasta complementar el seguimiento y su correspondiente justificaci\u00f3n t\u00e9cnica y econ\u00f3mica.<\/p>\n<p>COCEMFE CATALU\u00d1A gestiona, a trav\u00e9s de su oficina t\u00e9cnica, el proceso de presentaci\u00f3n de la convocatoria de subvenci\u00f3n del 0,7% del IRPF en el \u00e1mbito de las pol\u00edticas sociales, as\u00ed como de la convocatoria del Plan de Prioridades de Fundaci\u00f3n ONCE para sus entidades.<\/p>\n<p>El departamento de <strong>Soporte Asociativo<\/strong> de COCEMFE CATALU\u00d1A, a trav\u00e9s de la persona que nos destina COCEMFE Estatal, trabaja para cohesionar todas las entidades de COCEMFE CATALU\u00d1A, reforzar los v\u00ednculos, establecer contactos y fomentar actividades conjuntas para la promoci\u00f3n e integraci\u00f3n de los personas con discapacidad f\u00edsica y org\u00e1nica.<\/p>\n<p>A nivel operativo, las tareas concretas que se desarrollan desde el proyecto Apoyo Asociativo son las siguientes:<\/p>\n<ul>\n<li>Assessorament i orientaci\u00f3 a les entitats respecte a qualsevol mat\u00e8ria o q\u00fcesti\u00f3.<\/li>\n<li>Resoluci\u00f3n de dudas, demandas o cuestiones que tengan las entidades, as\u00ed como otras instituciones externas a COCEMFE CATALU\u00d1A.<\/li>\n<li>Refuerzo de los v\u00ednculos entre las asociaciones, fundaciones y entidades entre s\u00ed, adem\u00e1s de entre estas entidades y COCEMFE CATALU\u00d1A.<\/li>\n<li>Fomentar el desarrollo de actividades de cohesi\u00f3n asociativa y de incidencia pol\u00edtica.<\/li>\n<\/ul>\n<p>El Departamento de <strong>Comunicaci\u00f3n<\/strong> gestiona la web de COCEMFE CATALU\u00d1A, as\u00ed como las redes sociales, proporciona el seguimiento de nuestra organizaci\u00f3n y nuestra presencia en diferentes medios, en reuniones con cargos pol\u00edticos y manifiestos, permite reforzar la incidencia pol\u00edtica y activar mecanismos de presencia social.<\/p>\n<p>[\/et_pb_text][\/et_pb_column][\/et_pb_row][\/et_pb_section]<\/p>\n","protected":false},"excerpt":{"rendered":"<p>oficina t\u00e9cnicaEl equipo de la Oficina T\u00e9cnica ofrece el apoyo para solucionar dudas, asesorar en procedimientos econ\u00f3micos, formular proyectos y tramitar los hasta complementar el seguimiento y su correspondiente justificaci\u00f3n t\u00e9cnica y econ\u00f3mica. COCEMFE CATALU\u00d1A gestiona, a trav\u00e9s de su oficina t\u00e9cnica, el proceso de presentaci\u00f3n de la convocatoria de subvenci\u00f3n del 0,7% del IRPF [&hellip;]<\/p>\n","protected":false},"author":1,"featured_media":0,"parent":0,"menu_order":0,"comment_status":"closed","ping_status":"closed","template":"","meta":{"_acf_changed":false,"_et_pb_use_builder":"on","_et_pb_old_content":"","_et_gb_content_width":"","footnotes":""},"class_list":["post-3576","page","type-page","status-publish","hentry"],"acf":[],"_links":{"self":[{"href":"https:\/\/cocemfecatalunya.org\/es\/wp-json\/wp\/v2\/pages\/3576","targetHints":{"allow":["GET"]}}],"collection":[{"href":"https:\/\/cocemfecatalunya.org\/es\/wp-json\/wp\/v2\/pages"}],"about":[{"href":"https:\/\/cocemfecatalunya.org\/es\/wp-json\/wp\/v2\/types\/page"}],"author":[{"embeddable":true,"href":"https:\/\/cocemfecatalunya.org\/es\/wp-json\/wp\/v2\/users\/1"}],"replies":[{"embeddable":true,"href":"https:\/\/cocemfecatalunya.org\/es\/wp-json\/wp\/v2\/comments?post=3576"}],"version-history":[{"count":2,"href":"https:\/\/cocemfecatalunya.org\/es\/wp-json\/wp\/v2\/pages\/3576\/revisions"}],"predecessor-version":[{"id":3578,"href":"https:\/\/cocemfecatalunya.org\/es\/wp-json\/wp\/v2\/pages\/3576\/revisions\/3578"}],"wp:attachment":[{"href":"https:\/\/cocemfecatalunya.org\/es\/wp-json\/wp\/v2\/media?parent=3576"}],"curies":[{"name":"wp","href":"https:\/\/api.w.org\/{rel}","templated":true}]}}