{"id":3526,"date":"2023-05-16T13:22:27","date_gmt":"2023-05-16T13:22:27","guid":{"rendered":"http:\/\/cocemfecatalunya.org\/discapacidad-cronicidad-y-autonomia-personal\/"},"modified":"2023-05-16T13:22:32","modified_gmt":"2023-05-16T13:22:32","slug":"discapacidad-cronicidad-y-autonomia-personal","status":"publish","type":"page","link":"https:\/\/cocemfecatalunya.org\/es\/discapacidad-cronicidad-y-autonomia-personal\/","title":{"rendered":"Discapacidad, cronicidad y autonom\u00eda personal"},"content":{"rendered":"<p>[et_pb_section fb_built=\u00bb1&#8243; _builder_version=\u00bb4.17.4&#8243; _module_preset=\u00bbdefault\u00bb custom_padding=\u00bb||0px|||\u00bb global_colors_info=\u00bb{}\u00bb][et_pb_row _builder_version=\u00bb4.17.4&#8243; _module_preset=\u00bbdefault\u00bb locked=\u00bboff\u00bb global_colors_info=\u00bb{}\u00bb][et_pb_column type=\u00bb4_4&#8243; _builder_version=\u00bb4.17.4&#8243; _module_preset=\u00bbdefault\u00bb global_colors_info=\u00bb{}\u00bb][et_pb_text _builder_version=\u00bb4.17.4&#8243; _module_preset=\u00bbdefault\u00bb text_font=\u00bbLibre Franklin||||||||\u00bb header_font=\u00bbLibre Franklin||||||||\u00bb header_text_color=\u00bb#637a9e\u00bb header_font_size=\u00bb50px\u00bb header_letter_spacing=\u00bb0.05px\u00bb hover_enabled=\u00bb0&#8243; custom_css_heading_h1=\u00bbfont-weight: 700;||text-transform: uppercase;\u00bb global_colors_info=\u00bb{}\u00bb sticky_enabled=\u00bb0&#8243;]<\/p>\n<h1><strong>DISCAPACIDAD, CRONICIDAD Y AUTONOM\u00cdA PERSONAL<\/strong><\/h1>\n<p>[\/et_pb_text][\/et_pb_column][\/et_pb_row][et_pb_row _builder_version=\u00bb4.17.4&#8243; _module_preset=\u00bbdefault\u00bb custom_margin=\u00bb0px||0px||true|false\u00bb custom_padding=\u00bb0px||0px||true|false\u00bb global_colors_info=\u00bb{}\u00bb][et_pb_column type=\u00bb4_4&#8243; _builder_version=\u00bb4.17.4&#8243; _module_preset=\u00bbdefault\u00bb global_colors_info=\u00bb{}\u00bb][et_pb_ds_breadcrumbs admin_label=\u00bball-pages-breadcrumb\u00bb module_id=\u00bball-pages-breadcrumb\u00bb _builder_version=\u00bb4.17.4&#8243; _module_preset=\u00bbdefault\u00bb global_colors_info=\u00bb{}\u00bb][\/et_pb_ds_breadcrumbs][\/et_pb_column][\/et_pb_row][\/et_pb_section][et_pb_section fb_built=\u00bb1&#8243; _builder_version=\u00bb4.17.4&#8243; _module_preset=\u00bbdefault\u00bb custom_padding=\u00bb0px|||||\u00bb global_colors_info=\u00bb{}\u00bb][et_pb_row _builder_version=\u00bb4.17.4&#8243; _module_preset=\u00bbdefault\u00bb global_colors_info=\u00bb{}\u00bb][et_pb_column type=\u00bb4_4&#8243; _builder_version=\u00bb4.17.4&#8243; _module_preset=\u00bbdefault\u00bb global_colors_info=\u00bb{}\u00bb][et_pb_image src=\u00bbhttp:\/\/cocemfecatalunya.org\/wp-content\/uploads\/2022\/08\/DISCAPACITAT.png\u00bb title_text=\u00bbDISCAPACIDAD\u00bb align=\u00bbcenter\u00bb _builder_version=\u00bb4.17.4&#8243; _module_preset=\u00bbdefault\u00bb width=\u00bb40%\u00bb width_tablet=\u00bb40%\u00bb width_phone=\u00bb40%\u00bb width_last_edited=\u00bbon|tablet\u00bb hover_enabled=\u00bb0&#8243; global_colors_info=\u00bb{}\u00bb sticky_enabled=\u00bb0&#8243;][\/et_pb_image][et_pb_text _builder_version=\u00bb4.17.4&#8243; _module_preset=\u00bbdefault\u00bb text_font=\u00bbOpen Sans||||||||\u00bb text_font_size=\u00bb16px\u00bb hover_enabled=\u00bb0&#8243; global_colors_info=\u00bb{}\u00bb sticky_enabled=\u00bb0&#8243;]<\/p>\n<p>El Objetivo general de este proyecto consiste en: Mejorar la autonom\u00eda personal y la calidad de vida de las personas con discapacidad y\/o en situaci\u00f3n de dependencia, a trav\u00e9s de los siguientes ejes:<\/p>\n<p>\u2013 Elaboraci\u00f3n de mapas din\u00e1micos de cobertura de necesidades de las personas con discapacidad.<\/p>\n<p>\u2013 Recopilar, sistematizar y hacer accesibles los datos: consecuencias y principales necesidades de las personas con discapacidad.<\/p>\n<p>\u2013 Elaborar gu\u00edas de recomendaciones expl\u00edcitas que sirvan a las Administraciones P\u00fablicas como hoja de ruta para garantizar los derechos de las personas con discapacidad.<\/p>\n<p>\u2013 Hacer propuestas de acci\u00f3n a las entidades federadas de conductas y h\u00e1bitos saludables, con especial atenci\u00f3n a las personas con grandes discapacidades y\/o con alto grado de dependencia.<\/p>\n<p>\u2013 Visibilizar y difundir en las redes sociales la situaci\u00f3n de las personas con discapacidad con la publicaci\u00f3n de infograf\u00edas espec\u00edficas.<\/p>\n<p>\u2013 Concienciar a la ciudadan\u00eda sobre los derechos de las personas con discapacidad y su vinculaci\u00f3n con la Convenci\u00f3n Internacional de las Naciones Unidas y la Agenda 2030 con una exposici\u00f3n itinerante por todo el territorio.<\/p>\n<p>[\/et_pb_text][\/et_pb_column][\/et_pb_row][\/et_pb_section]<\/p>\n","protected":false},"excerpt":{"rendered":"<p>DISCAPACIDAD, CRONICIDAD Y AUTONOM\u00cdA PERSONALEl Objetivo general de este proyecto consiste en: Mejorar la autonom\u00eda personal y la calidad de vida de las personas con discapacidad y\/o en situaci\u00f3n de dependencia, a trav\u00e9s de los siguientes ejes: \u2013 Elaboraci\u00f3n de mapas din\u00e1micos de cobertura de necesidades de las personas con discapacidad. \u2013 Recopilar, sistematizar y [&hellip;]<\/p>\n","protected":false},"author":1,"featured_media":0,"parent":0,"menu_order":0,"comment_status":"closed","ping_status":"closed","template":"","meta":{"_acf_changed":false,"_et_pb_use_builder":"on","_et_pb_old_content":"","_et_gb_content_width":"","footnotes":""},"class_list":["post-3526","page","type-page","status-publish","hentry"],"acf":[],"_links":{"self":[{"href":"https:\/\/cocemfecatalunya.org\/es\/wp-json\/wp\/v2\/pages\/3526","targetHints":{"allow":["GET"]}}],"collection":[{"href":"https:\/\/cocemfecatalunya.org\/es\/wp-json\/wp\/v2\/pages"}],"about":[{"href":"https:\/\/cocemfecatalunya.org\/es\/wp-json\/wp\/v2\/types\/page"}],"author":[{"embeddable":true,"href":"https:\/\/cocemfecatalunya.org\/es\/wp-json\/wp\/v2\/users\/1"}],"replies":[{"embeddable":true,"href":"https:\/\/cocemfecatalunya.org\/es\/wp-json\/wp\/v2\/comments?post=3526"}],"version-history":[{"count":2,"href":"https:\/\/cocemfecatalunya.org\/es\/wp-json\/wp\/v2\/pages\/3526\/revisions"}],"predecessor-version":[{"id":3528,"href":"https:\/\/cocemfecatalunya.org\/es\/wp-json\/wp\/v2\/pages\/3526\/revisions\/3528"}],"wp:attachment":[{"href":"https:\/\/cocemfecatalunya.org\/es\/wp-json\/wp\/v2\/media?parent=3526"}],"curies":[{"name":"wp","href":"https:\/\/api.w.org\/{rel}","templated":true}]}}