{"id":3515,"date":"2023-05-16T13:04:22","date_gmt":"2023-05-16T13:04:22","guid":{"rendered":"http:\/\/cocemfecatalunya.org\/conocenos\/trabajo-en-red\/alianzas\/"},"modified":"2023-05-16T13:04:24","modified_gmt":"2023-05-16T13:04:24","slug":"alianzas","status":"publish","type":"page","link":"https:\/\/cocemfecatalunya.org\/es\/conocenos\/trabajo-en-red\/alianzas\/","title":{"rendered":"Alianzas"},"content":{"rendered":"<p>[et_pb_section fb_built=\u00bb1&#8243; _builder_version=\u00bb4.17.4&#8243; _module_preset=\u00bbdefault\u00bb custom_margin=\u00bb||||false|false\u00bb custom_padding=\u00bb||10px||false|false\u00bb global_colors_info=\u00bb{}\u00bb][et_pb_row _builder_version=\u00bb4.17.4&#8243; _module_preset=\u00bbdefault\u00bb custom_margin=\u00bb||||false|false\u00bb custom_padding=\u00bb||0px||false|false\u00bb global_colors_info=\u00bb{}\u00bb][et_pb_column type=\u00bb4_4&#8243; _builder_version=\u00bb4.17.4&#8243; _module_preset=\u00bbdefault\u00bb global_colors_info=\u00bb{}\u00bb][et_pb_text _builder_version=\u00bb4.17.4&#8243; _module_preset=\u00bbdefault\u00bb header_text_color=\u00bb#597298&#8243; header_font_size=\u00bb50px\u00bb global_colors_info=\u00bb{}\u00bb]<\/p>\n<h1><span style=\"font-weight: bold;\">ALIANZAS<\/span><\/h1>\n<p>[\/et_pb_text][\/et_pb_column][\/et_pb_row][et_pb_row _builder_version=\u00bb4.17.4&#8243; _module_preset=\u00bbdefault\u00bb custom_margin=\u00bb0px||0px||true|false\u00bb custom_padding=\u00bb0px||0px||true|false\u00bb global_colors_info=\u00bb{}\u00bb][et_pb_column type=\u00bb4_4&#8243; _builder_version=\u00bb4.17.4&#8243; _module_preset=\u00bbdefault\u00bb global_colors_info=\u00bb{}\u00bb][et_pb_ds_breadcrumbs admin_label=\u00bball-pages-breadcrumb\u00bb module_id=\u00bball-pages-breadcrumb\u00bb _builder_version=\u00bb4.17.4&#8243; _module_preset=\u00bbdefault\u00bb global_colors_info=\u00bb{}\u00bb][\/et_pb_ds_breadcrumbs][\/et_pb_column][\/et_pb_row][et_pb_row _builder_version=\u00bb4.17.4&#8243; _module_preset=\u00bbdefault\u00bb global_colors_info=\u00bb{}\u00bb][et_pb_column type=\u00bb4_4&#8243; _builder_version=\u00bb4.17.4&#8243; _module_preset=\u00bbdefault\u00bb global_colors_info=\u00bb{}\u00bb][et_pb_text _builder_version=\u00bb4.17.4&#8243; _module_preset=\u00bbdefault\u00bb text_font=\u00bbOpen Sans||||||||\u00bb text_font_size=\u00bb16px\u00bb hover_enabled=\u00bb0&#8243; global_colors_info=\u00bb{}\u00bb sticky_enabled=\u00bb0&#8243;]<\/p>\n<p><span style=\"font-weight: 400;\">COCEMFE CATALU\u00d1A ha establecido din\u00e1micas de participaci\u00f3n en entidades de tercero y cuarto nivel La idea es hacer llegar la voz y las necesidades del colectivo al que representamos lo m\u00e1s lejos posible:<\/span><\/p>\n<p><span style=\"font-weight: 400;\">COCEMFE trabaja en un acuerdo <\/span><b>con el Departamento de Justicia<\/b><span style=\"font-weight: 400;\"> por los temas relacionados con el \u00e1mbito de la justicia y la discapacidad, as\u00ed como en el \u00e1mbito de colaboraci\u00f3n en temas de pol\u00edticas de medidas alternativas de prisi\u00f3n.<\/span><\/p>\n<p><span style=\"font-weight: 400;\">COCEMFE CATALU\u00d1A colabora <\/span><b>con el <\/b><span style=\"text-decoration: underline;\"><a href=\"https:\/\/www.cicac.cat\/2021\/05\/ladvocacia-catalana-es-conjura-amb-els-collectius-de-persones-amb-discapacitat-per-garantir-els-seus-drets\/\" target=\"_blank\" rel=\"noopener\"><b>CICAC <\/b><\/a><\/span><span style=\"font-weight: 400;\">(Consejo de los Ilustres Colegios de Abogados de Catalu\u00f1a), gracias al Convenio de colaboraci\u00f3n firmado en 2021 junto con <\/span><strong><span style=\"text-decoration: underline;\"><a href=\"http:\/\/www.cocarmi.cat\/?lang=es_ES\" target=\"_blank\" rel=\"noopener\">COCARMI<\/a><\/span><\/strong><span style=\"font-weight: 400;\"> y con el <\/span><strong><a href=\"https:\/\/www.dincat.cat\/\" target=\"_blank\" rel=\"noopener\"><span style=\"text-decoration: underline;\">DINCAT<\/span><\/a><\/strong> <span style=\"font-weight: 400;\">(Federaci\u00f3n de Entidades de Discapacidad Intelectual y del Desarrollo de Catalu\u00f1a), con el objetivo de trabajar conjuntamente para eliminar las barreras que todav\u00eda existen para las personas con discapacidad a la hora de acceder a la justicia impulsando, entre otras medidas, la implementaci\u00f3n del Plan Piloto de creaci\u00f3n del servicio de facilitadores en procedimientos judiciales con intervenci\u00f3n de personas en situaci\u00f3n de discapacidad. <\/span><\/p>\n<p><span style=\"font-weight: 400;\">COCEMFE CATALU\u00d1A es entidad fundadora del <\/span><b>Comit\u00e9 Catal\u00e1n de Representantes de Personas con Discapacidad (<\/b><span style=\"text-decoration: underline;\"><a href=\"http:\/\/www.cocarmi.cat\/?lang=es_ES\" target=\"_blank\" rel=\"noopener\"><b>COCARMI<\/b><\/a><\/span><b>)<\/b><span style=\"font-weight: 400;\">, que es una asociaci\u00f3n catalana nacida en 1998 para defender los derechos de las personas con discapacidad en Catalu\u00f1a. El COCARMI representa unas 634.000 personas con discapacidad y sus familias. Es la entidad representativa de las personas con discapacidad y sus familias, la plataforma unitaria del movimiento asociativo de la discapacidad. <\/span><\/p>\n<p><b>Dentro del COCARMI<\/b><span style=\"font-weight: 400;\"> participamos en:<\/span><\/p>\n<ul>\n<li><b>Consejo Ejecutivo<\/b><span style=\"font-weight: 400;\">. Ocupando la vicepresidencia 4\u00aa en la Junta Directiva 2022-2026.<\/span><\/li>\n<li><b>Grupos de trabajo<\/b><span style=\"font-weight: 400;\">: accesibilidad, autonom\u00eda personal, cat\u00e1logo ortoprot\u00e9tico, modelo y financiaci\u00f3n CETs, g\u00e9nero e inclusi\u00f3n laboral. <\/span> <\/li>\n<li> <span style=\"font-weight: 400;\">El Plenario del <\/span><span style=\"text-decoration: underline;\"><a href=\"https:\/\/w110.bcn.cat\/portal\/site\/ConsellMunicipalDeBenestarSocial\/\" target=\"_blank\" rel=\"noopener\"><b>Consejo Municipal de Bienestar Social del Ayuntamiento de Barcelona (CMBS)<\/b><\/a><\/span><span style=\"font-weight: 400;\">, y en el Grupo de Trabajo de Servicios Sociales del mismo CMBS. <\/span><\/li>\n<li> <span style=\"font-weight: 400;\">Somos miembros del <\/span><b>Consejo de la Discapacidad de Catalu\u00f1a (<\/b><span style=\"text-decoration: underline;\"><a href=\"http:\/\/sac.gencat.cat\/sacgencat\/AppJava\/organisme_fitxa.jsp?codi=19484\" target=\"_blank\" rel=\"noopener\"><b>CODISCAT<\/b><\/a><\/span><b>), <\/b> <span style=\"font-weight: 400;\">donde participamos con una vocal\u00eda. Este Consejo vela por la transversalidad de las pol\u00edticas de promoci\u00f3n de la autonom\u00eda personal y de la atenci\u00f3n a las personas con discapacidad. A trav\u00e9s del Consejo se facilita una interlocuci\u00f3n directa entre los diferentes departamentos de la Generalitat de Catalu\u00f1a y el sector de las personas con discapacidad, para reforzar la coordinaci\u00f3n Interdepartamental en todos los \u00e1mbitos competenciales relacionados con las personas con discapacidad.<\/span><\/li>\n<li> <span style=\"font-weight: 400;\">Somos miembros de la <\/span><span style=\"text-decoration: underline;\"><a href=\"https:\/\/dretssocials.gencat.cat\/ca\/ambits_tematics\/persones_amb_discapacitat\/pactenacionaldiscapacitat\/taula\/\" target=\"_blank\" rel=\"noopener\"><b>Mesa del Pacto Nacional sobre los Derechos de las Personas con Discapacidad<\/b><\/a><\/span><span style=\"font-weight: 400;\">, donde participamos en diferentes grupos de trabajo. <\/span> <\/li>\n<\/ul>\n<p><span style=\"font-weight: 400;\">Por el hecho de ser miembros de COCARMI, tenemos participaci\u00f3n en la <\/span><span style=\"text-decoration: underline;\"><a href=\"https:\/\/www.tercersector.cat\/\" target=\"_blank\" rel=\"noopener\"><b>Mesa de entidades del Tercer Sector Social de Catalu\u00f1a<\/b><\/a><\/span><span style=\"font-weight: 400;\">, que representa a 35 federaciones que aglutinan m\u00e1s de 3.000 entidades sociales en Catalu\u00f1a. Es una entidad de tercer nivel que trabaja en la defensa de los derechos sociales y el fortalecimiento del Tercer Sector. Y tambi\u00e9n a trav\u00e9s de COCARMI participamos en la <\/span><b> Plataforma de Infancia de Catalu\u00f1a (<\/b><span style=\"text-decoration: underline;\"><a href=\"https:\/\/www.tercersector.cat\/es\/node\/12834\" target=\"_blank\" rel=\"noopener\"><b>PINCAT<\/b><\/a><\/span><b>)<\/b><span style=\"font-weight: 400;\"> y en el <\/span><b>Comit\u00e9 Espa\u00f1ol de Representantes de Personas con Discapacidad (<\/b><span style=\"text-decoration: underline;\"><a href=\"https:\/\/www.cermi.es\/\" target=\"_blank\" rel=\"noopener\"><b>CERMI<\/b><\/a><\/span><b>)<\/b><span style=\"font-weight: 400;\">, que representa, defiende y act\u00faa a favor de los ciudadanos con discapacidad. <\/span> <\/p>\n<p>[\/et_pb_text][\/et_pb_column][\/et_pb_row][\/et_pb_section]<\/p>\n","protected":false},"excerpt":{"rendered":"<p>ALIANZASCOCEMFE CATALU\u00d1A ha establecido din\u00e1micas de participaci\u00f3n en entidades de tercero y cuarto nivel La idea es hacer llegar la voz y las necesidades del colectivo al que representamos lo m\u00e1s lejos posible: COCEMFE trabaja en un acuerdo con el Departamento de Justicia por los temas relacionados con el \u00e1mbito de la justicia y la [&hellip;]<\/p>\n","protected":false},"author":1,"featured_media":0,"parent":3512,"menu_order":0,"comment_status":"closed","ping_status":"closed","template":"","meta":{"_acf_changed":false,"_et_pb_use_builder":"on","_et_pb_old_content":"","_et_gb_content_width":"","footnotes":""},"class_list":["post-3515","page","type-page","status-publish","hentry"],"acf":[],"_links":{"self":[{"href":"https:\/\/cocemfecatalunya.org\/es\/wp-json\/wp\/v2\/pages\/3515","targetHints":{"allow":["GET"]}}],"collection":[{"href":"https:\/\/cocemfecatalunya.org\/es\/wp-json\/wp\/v2\/pages"}],"about":[{"href":"https:\/\/cocemfecatalunya.org\/es\/wp-json\/wp\/v2\/types\/page"}],"author":[{"embeddable":true,"href":"https:\/\/cocemfecatalunya.org\/es\/wp-json\/wp\/v2\/users\/1"}],"replies":[{"embeddable":true,"href":"https:\/\/cocemfecatalunya.org\/es\/wp-json\/wp\/v2\/comments?post=3515"}],"version-history":[{"count":2,"href":"https:\/\/cocemfecatalunya.org\/es\/wp-json\/wp\/v2\/pages\/3515\/revisions"}],"predecessor-version":[{"id":3517,"href":"https:\/\/cocemfecatalunya.org\/es\/wp-json\/wp\/v2\/pages\/3515\/revisions\/3517"}],"up":[{"embeddable":true,"href":"https:\/\/cocemfecatalunya.org\/es\/wp-json\/wp\/v2\/pages\/3512"}],"wp:attachment":[{"href":"https:\/\/cocemfecatalunya.org\/es\/wp-json\/wp\/v2\/media?parent=3515"}],"curies":[{"name":"wp","href":"https:\/\/api.w.org\/{rel}","templated":true}]}}