{"id":3491,"date":"2023-05-16T12:32:10","date_gmt":"2023-05-16T12:32:10","guid":{"rendered":"http:\/\/cocemfecatalunya.org\/conocenos\/sobre-cocemfe-cataluna\/organos-de-representacion\/"},"modified":"2026-03-19T10:49:11","modified_gmt":"2026-03-19T09:49:11","slug":"organos-de-representacion","status":"publish","type":"page","link":"https:\/\/cocemfecatalunya.org\/es\/conocenos\/sobre-cocemfe-cataluna\/organos-de-representacion\/","title":{"rendered":"\u00d3rganos de representaci\u00f3n"},"content":{"rendered":"<p>[et_pb_section fb_built=\u00bb1&#8243; _builder_version=\u00bb4.17.4&#8243; _module_preset=\u00bbdefault\u00bb global_colors_info=\u00bb{}\u00bb][et_pb_row _builder_version=\u00bb4.17.4&#8243; _module_preset=\u00bbdefault\u00bb global_colors_info=\u00bb{}\u00bb][et_pb_column type=\u00bb4_4&#8243; _builder_version=\u00bb4.17.4&#8243; _module_preset=\u00bbdefault\u00bb global_colors_info=\u00bb{}\u00bb][et_pb_text _builder_version=\u00bb4.17.4&#8243; _module_preset=\u00bbdefault\u00bb text_font=\u00bbLibre Franklin||||||||\u00bb header_font=\u00bbLibre Franklin||||||||\u00bb header_text_color=\u00bb#637a9e\u00bb header_font_size=\u00bb50px\u00bb header_letter_spacing=\u00bb0.05px\u00bb custom_css_heading_h1=\u00bbfont-weight: 700;\u00bb global_colors_info=\u00bb{}\u00bb]<\/p>\n<h1><span style=\"font-weight: bold;\">\u00d3RGANOS DE REPRESENTACI\u00d3N<\/span><\/h1>\n<p>[\/et_pb_text][\/et_pb_column][\/et_pb_row][et_pb_row _builder_version=\u00bb4.17.4&#8243; _module_preset=\u00bbdefault\u00bb custom_margin=\u00bb0px||0px||true|false\u00bb custom_padding=\u00bb0px||0px||true|false\u00bb global_colors_info=\u00bb{}\u00bb][et_pb_column type=\u00bb4_4&#8243; _builder_version=\u00bb4.17.4&#8243; _module_preset=\u00bbdefault\u00bb global_colors_info=\u00bb{}\u00bb][et_pb_ds_breadcrumbs admin_label=\u00bball-pages-breadcrumb\u00bb module_id=\u00bball-pages-breadcrumb\u00bb _builder_version=\u00bb4.17.4&#8243; _module_preset=\u00bbdefault\u00bb global_colors_info=\u00bb{}\u00bb][\/et_pb_ds_breadcrumbs][\/et_pb_column][\/et_pb_row][\/et_pb_section][et_pb_section fb_built=\u00bb1&#8243; _builder_version=\u00bb4.17.4&#8243; _module_preset=\u00bbdefault\u00bb custom_margin=\u00bb||||false|false\u00bb custom_padding=\u00bb0px||||false|false\u00bb global_colors_info=\u00bb{}\u00bb][et_pb_row _builder_version=\u00bb4.17.4&#8243; _module_preset=\u00bbdefault\u00bb global_colors_info=\u00bb{}\u00bb][et_pb_column type=\u00bb4_4&#8243; _builder_version=\u00bb4.17.4&#8243; _module_preset=\u00bbdefault\u00bb global_colors_info=\u00bb{}\u00bb][et_pb_text _builder_version=\u00bb4.17.4&#8243; _module_preset=\u00bbdefault\u00bb text_font=\u00bbOpen Sans||||||||\u00bb text_text_color=\u00bb#5f727f\u00bb text_font_size=\u00bb16px\u00bb text_line_height=\u00bb25px\u00bb header_2_font_size=\u00bb36px\u00bb header_3_font=\u00bbLibre Franklin||||||||\u00bb header_3_text_color=\u00bb#003c69&#8243; header_3_font_size=\u00bb28px\u00bb header_3_line_height=\u00bb42px\u00bb width=\u00bb100%\u00bb module_alignment=\u00bbcenter\u00bb custom_css_heading_h2=\u00bbfont-weight: 700;\u00bb global_colors_info=\u00bb{}\u00bb]<\/p>\n<h2 style=\"font-weight: bold;\">\u00d2RGANOS DE GOBIERNO:<\/h2>\n<p>[\/et_pb_text][\/et_pb_column][\/et_pb_row][et_pb_row _builder_version=\u00bb4.17.4&#8243; _module_preset=\u00bbdefault\u00bb global_colors_info=\u00bb{}\u00bb][et_pb_column type=\u00bb4_4&#8243; _builder_version=\u00bb4.17.4&#8243; _module_preset=\u00bbdefault\u00bb global_colors_info=\u00bb{}\u00bb][et_pb_text _builder_version=\u00bb4.17.4&#8243; _module_preset=\u00bbdefault\u00bb text_font=\u00bbOpen Sans||||||||\u00bb text_text_color=\u00bb#5f727f\u00bb text_font_size=\u00bb16px\u00bb text_line_height=\u00bb25px\u00bb header_3_font=\u00bbLibre Franklin||||||||\u00bb header_3_text_color=\u00bb#003c69&#8243; header_3_font_size=\u00bb28px\u00bb header_3_line_height=\u00bb42px\u00bb width=\u00bb100%\u00bb module_alignment=\u00bbcenter\u00bb custom_css_heading_h2=\u00bbfont-weight: 700;\u00bb global_colors_info=\u00bb{}\u00bb]<\/p>\n<h3><span style=\"font-weight: bold;\">ASAMBLEA GENERAL<\/span><\/h3>\n<p><span style=\"font-weight: 400;\">Es el m\u00e1ximo \u00f3rgano de gobierno de <\/span><span style=\"font-weight: 400;\">COCEMFE CATALU\u00d1A<\/span><span style=\"font-weight: 400;\">, y est\u00e1 integrado por representantes de todas las FEDERACIONES miembros de la Confederaci\u00f3n y se re\u00fane, al menos, una vez en el a\u00f1o con car\u00e1cter ordinario. <\/span><\/p>\n<p>[\/et_pb_text][et_pb_text _builder_version=\u00bb4.17.4&#8243; _module_preset=\u00bbdefault\u00bb text_font=\u00bbOpen Sans||||||||\u00bb text_text_color=\u00bb#5f727f\u00bb text_font_size=\u00bb16px\u00bb text_line_height=\u00bb25px\u00bb header_3_font=\u00bbLibre Franklin||||||||\u00bb header_3_text_color=\u00bb#003c69&#8243; header_3_font_size=\u00bb28px\u00bb header_3_line_height=\u00bb42px\u00bb width=\u00bb100%\u00bb module_alignment=\u00bbcenter\u00bb custom_css_heading_h2=\u00bbfont-weight: 700;\u00bb global_colors_info=\u00bb{}\u00bb]<\/p>\n<h3 style=\"font-weight: bold;\">JUNTA DIRECTIVA<\/h3>\n<p>Elegida por la Asamblea, es el \u00f3rgano ejecutivo de COCEMFE CATALU\u00d1A que dirige y aplica las l\u00edneas generales de actuaci\u00f3n previamente aprobadas por la Asamblea General.[\/et_pb_text][et_pb_text disabled_on=\u00bboff|off|off\u00bb _builder_version=\u00bb4.27.5&#8243; _module_preset=\u00bbdefault\u00bb text_font=\u00bbOpen Sans||||||||\u00bb text_text_color=\u00bb#5f727f\u00bb text_font_size=\u00bb16px\u00bb text_line_height=\u00bb25px\u00bb header_3_font=\u00bbLibre Franklin||||||||\u00bb header_3_text_color=\u00bb#003c69&#8243; header_3_font_size=\u00bb28px\u00bb header_3_line_height=\u00bb42px\u00bb width=\u00bb100%\u00bb module_alignment=\u00bbcenter\u00bb hover_enabled=\u00bb0&#8243; custom_css_heading_h2=\u00bbfont-weight: 700;\u00bb global_colors_info=\u00bb{}\u00bb sticky_enabled=\u00bb0&#8243;]<\/p>\n<p>&nbsp;<\/p>\n<table class=\"taula-junta-directiva\">\n<thead>\n<tr>\n<th style=\"width: 142px;\">\n<h6 style=\"font-weight: bold; text-align: left;\">Cargo<\/h6>\n<\/th>\n<th style=\"width: 143px;\">\n<h6 style=\"font-weight: bold; text-align: left;\">Nombre<\/h6>\n<\/th>\n<th style=\"width: 68.1719px;\">\n<h6 style=\"font-weight: bold; text-align: left;\">Biograf\u00eda<\/h6>\n<\/th>\n<\/tr>\n<\/thead>\n<tbody>\n<tr>\n<td style=\"width: 142px;\"><strong>Presidente<\/strong><\/td>\n<td style=\"width: 143px;\"><span style=\"font-weight: 400;\">Frederic Crespo Nomen<\/span><\/td>\n<td style=\"width: 68.1719px;\"><a href=\"http:\/\/cocemfecatalunya.org\/wp-content\/uploads\/2023\/07\/CAST.-CV-Frederic.pdf\">Ver<\/a><\/td>\n<\/tr>\n<tr>\n<td style=\"width: 142px;\"><strong>Vicepresidenta<\/strong><\/td>\n<td style=\"width: 143px;\"><span style=\"font-weight: 400;\">Esther Carmen Jolonch Olaortua<\/span><\/td>\n<td style=\"width: 68.1719px;\"><a href=\"http:\/\/cocemfecatalunya.org\/wp-content\/uploads\/2023\/07\/CAST.-CV-Esther.pdf\">Ver<\/a><\/td>\n<\/tr>\n<tr>\n<td style=\"width: 142px;\"><strong>Tesorero<\/strong><\/td>\n<td style=\"width: 143px;\"><span style=\"font-weight: 400;\">Javier de O\u00f1a Sobrino<\/span><\/td>\n<td style=\"width: 68.1719px;\"><a href=\"http:\/\/cocemfecatalunya.org\/wp-content\/uploads\/2024\/02\/CAST-CV-Javier-de-Ona.pdf\">Ver<\/a><\/td>\n<\/tr>\n<tr>\n<td style=\"width: 142px;\"><strong>Secretario<\/strong><\/td>\n<td style=\"width: 143px;\"><span style=\"font-weight: 400;\">Josep Maria Mart\u00ednez Rodr\u00edguez<\/span><\/td>\n<td style=\"width: 68.1719px;\"><a href=\"http:\/\/cocemfecatalunya.org\/wp-content\/uploads\/2024\/02\/CAST-CV-Josep-Maria-Martinez-1.pdf\">Ver<\/a><\/td>\n<\/tr>\n<tr>\n<td style=\"width: 142px;\"><strong>Vocal<\/strong><\/td>\n<td style=\"width: 143px;\"><span style=\"font-weight: 400;\">Em\u00edlia Altarriba Alberch<\/span><\/td>\n<td style=\"width: 68.1719px;\"><a href=\"http:\/\/cocemfecatalunya.org\/wp-content\/uploads\/2023\/07\/CAST.-CV-Emilia.pdf\">Ver<\/a><\/td>\n<\/tr>\n<tr>\n<td style=\"width: 142px;\"><strong>Vocal<\/strong><\/td>\n<td style=\"width: 143px;\">\u00c0ngels Est\u00e9vez Roca<\/td>\n<td style=\"width: 68.1719px;\">\u00a0<\/td>\n<\/tr>\n<tr>\n<td style=\"width: 142px;\"><strong>Vocal<\/strong><\/td>\n<td style=\"width: 143px;\"><span style=\"font-weight: 400;\">David Pradal Gar\u00ed<\/span><\/td>\n<td style=\"width: 68.1719px;\"><a href=\"http:\/\/cocemfecatalunya.org\/wp-content\/uploads\/2023\/07\/CAST.-CV-David-Pradal.pdf\">Ver<\/a><\/td>\n<\/tr>\n<tr>\n<td style=\"width: 142px;\"><strong>Vocal<\/strong><\/td>\n<td style=\"width: 143px;\">Francisco Javier Rojano S\u00e1nchez<\/td>\n<td style=\"width: 68.1719px;\">\u00a0<\/td>\n<\/tr>\n<\/tbody>\n<\/table>\n<p>[\/et_pb_text][\/et_pb_column][\/et_pb_row][et_pb_row column_structure=\u00bb1_5,1_5,1_5,1_5,1_5&#8243; make_equal=\u00bbon\u00bb disabled_on=\u00bbon|on|on\u00bb module_class=\u00bb.persones-junta-directiva\u00bb _builder_version=\u00bb4.17.4&#8243; _module_preset=\u00bbdefault\u00bb disabled=\u00bbon\u00bb global_colors_info=\u00bb{}\u00bb][et_pb_column type=\u00bb1_5&#8243; _builder_version=\u00bb4.17.4&#8243; _module_preset=\u00bbdefault\u00bb global_colors_info=\u00bb{}\u00bb][et_pb_team_member name=\u00bbFrederic Crespo Nomen\u00bb position=\u00bbPresidente\u00bb image_url=\u00bbhttps:\/\/cocemfecatalunya.org\/wp-content\/uploads\/2022\/07\/Frederic-Crespo.jpg\u00bb _builder_version=\u00bb4.17.4&#8243; _dynamic_attributes=\u00bblink_option_url\u00bb _module_preset=\u00bbdefault\u00bb header_font=\u00bbLibre Franklin|600|||||||\u00bb header_text_align=\u00bbcenter\u00bb header_font_size=\u00bb20px\u00bb position_font=\u00bbOpen Sans|600|||||||\u00bb position_text_align=\u00bbcenter\u00bb position_font_size=\u00bb18px\u00bb custom_margin=\u00bb||50px||false|false\u00bb link_option_url=\u00bb@ET-DC@eyJkeW5hbWljIjp0cnVlLCJjb250ZW50IjoicG9zdF9saW5rX3VybF9hdHRhY2htZW50Iiwic2V0dGluZ3MiOnsicG9zdF9pZCI6IjIwNTcifX0=@\u00bb custom_css_main_element=\u00bbmargin:0px auto;\u00bb custom_css_member_image=\u00bbmax-width: 250px;||max-height: 200px;||clip-path: circle();||border: 1px solid #637A9E;\u00bb global_colors_info=\u00bb{}\u00bb][\/et_pb_team_member][et_pb_team_member name=\u00bbMaria Pilar Lucas Plaza\u00bb position=\u00bbVocal\u00bb image_url=\u00bbhttps:\/\/cocemfecatalunya.org\/wp-content\/uploads\/2022\/07\/Captura.jpg\u00bb _builder_version=\u00bb4.17.4&#8243; _module_preset=\u00bbdefault\u00bb header_font=\u00bbLibre Franklin|600|||||||\u00bb header_text_align=\u00bbcenter\u00bb header_font_size=\u00bb20px\u00bb position_font=\u00bbOpen Sans|600|||||||\u00bb position_text_align=\u00bbcenter\u00bb position_font_size=\u00bb18px\u00bb custom_margin=\u00bb||50px||false|false\u00bb custom_css_main_element=\u00bbmargin:0px auto;\u00bb custom_css_member_image=\u00bbmax-width: 250px;||max-height: 200px;||clip-path: circle();||border: 1px solid #637A9E;\u00bb global_colors_info=\u00bb{}\u00bb][\/et_pb_team_member][\/et_pb_column][et_pb_column type=\u00bb1_5&#8243; _builder_version=\u00bb4.17.4&#8243; _module_preset=\u00bbdefault\u00bb global_colors_info=\u00bb{}\u00bb][et_pb_team_member name=\u00bbEsther Jolonch Olaortua\u00bb position=\u00bbVicepresidenta\u00bb image_url=\u00bbhttps:\/\/cocemfecatalunya.org\/wp-content\/uploads\/2022\/07\/Captura4.jpg\u00bb _builder_version=\u00bb4.17.4&#8243; _dynamic_attributes=\u00bblink_option_url\u00bb _module_preset=\u00bbdefault\u00bb header_font=\u00bbLibre Franklin|600|||||||\u00bb header_text_align=\u00bbcenter\u00bb header_font_size=\u00bb20px\u00bb position_font=\u00bbOpen Sans|600|||||||\u00bb position_text_align=\u00bbcenter\u00bb position_font_size=\u00bb18px\u00bb custom_margin=\u00bb||50px||false|false\u00bb link_option_url=\u00bb@ET-DC@eyJkeW5hbWljIjp0cnVlLCJjb250ZW50IjoicG9zdF9saW5rX3VybF9hdHRhY2htZW50Iiwic2V0dGluZ3MiOnsicG9zdF9pZCI6IjIwNDkifX0=@\u00bb custom_css_main_element=\u00bbmargin:0px auto;\u00bb custom_css_member_image=\u00bbmax-width: 250px;||max-height: 200px;||clip-path: circle();||border: 1px solid #637A9E;\u00bb global_colors_info=\u00bb{}\u00bb][\/et_pb_team_member][et_pb_team_member name=\u00bbJosep Ram\u00f3n Luesma Pons\u00bb position=\u00bbVocal\u00bb image_url=\u00bbhttps:\/\/cocemfecatalunya.org\/wp-content\/uploads\/2022\/07\/Captura5.jpg\u00bb _builder_version=\u00bb4.17.4&#8243; _module_preset=\u00bbdefault\u00bb header_font=\u00bbLibre Franklin|600|||||||\u00bb header_text_align=\u00bbcenter\u00bb header_font_size=\u00bb20px\u00bb position_font=\u00bbOpen Sans|600|||||||\u00bb position_text_align=\u00bbcenter\u00bb position_font_size=\u00bb18px\u00bb custom_margin=\u00bb||50px||false|false\u00bb custom_css_main_element=\u00bbmargin:0px auto;\u00bb custom_css_member_image=\u00bbmax-width: 250px;||max-height: 200px;||clip-path: circle();||border: 1px solid #637A9E;\u00bb global_colors_info=\u00bb{}\u00bb][\/et_pb_team_member][\/et_pb_column][et_pb_column type=\u00bb1_5&#8243; _builder_version=\u00bb4.17.4&#8243; _module_preset=\u00bbdefault\u00bb global_colors_info=\u00bb{}\u00bb][et_pb_team_member name=\u00bbMontserrat Pallar\u00e8s Parellada\u00bb position=\u00bbSecretar\u00eda \u00bb image_url=\u00bbhttps:\/\/cocemfecatalunya.org\/wp-content\/uploads\/2022\/07\/Montserrat.jpg\u00bb _builder_version=\u00bb4.17.4&#8243; _dynamic_attributes=\u00bblink_option_url\u00bb _module_preset=\u00bbdefault\u00bb header_font=\u00bbLibre Franklin|600|||||||\u00bb header_text_align=\u00bbcenter\u00bb header_font_size=\u00bb20px\u00bb position_font=\u00bbOpen Sans|600|||||||\u00bb position_text_align=\u00bbcenter\u00bb position_font_size=\u00bb18px\u00bb custom_margin=\u00bb||50px||false|false\u00bb link_option_url=\u00bb@ET-DC@eyJkeW5hbWljIjp0cnVlLCJjb250ZW50IjoicG9zdF9saW5rX3VybF9hdHRhY2htZW50Iiwic2V0dGluZ3MiOnsicG9zdF9pZCI6IjIwNTMifX0=@\u00bb custom_css_main_element=\u00bbmargin:0px auto;\u00bb custom_css_member_image=\u00bbmax-width: 250px;||max-height: 200px;||clip-path: circle();||border: 1px solid #637A9E;\u00bb global_colors_info=\u00bb{}\u00bb][\/et_pb_team_member][et_pb_team_member name=\u00bbCarlos L\u00e1zaro Gonz\u00e1lez\u00bb position=\u00bbVocal\u00bb image_url=\u00bbhttps:\/\/cocemfecatalunya.org\/wp-content\/uploads\/2022\/07\/Captura6.jpg\u00bb _builder_version=\u00bb4.17.4&#8243; _module_preset=\u00bbdefault\u00bb header_font=\u00bbLibre Franklin|600|||||||\u00bb header_text_align=\u00bbcenter\u00bb header_font_size=\u00bb20px\u00bb position_font=\u00bbOpen Sans|600|||||||\u00bb position_text_align=\u00bbcenter\u00bb position_font_size=\u00bb18px\u00bb custom_margin=\u00bb||50px||false|false\u00bb custom_css_main_element=\u00bbmargin:0px auto;\u00bb custom_css_member_image=\u00bbmax-width: 250px;||max-height: 200px;||clip-path: circle();||border: 1px solid #637A9E;\u00bb global_colors_info=\u00bb{}\u00bb][\/et_pb_team_member][\/et_pb_column][et_pb_column type=\u00bb1_5&#8243; _builder_version=\u00bb4.17.4&#8243; _module_preset=\u00bbdefault\u00bb global_colors_info=\u00bb{}\u00bb][et_pb_team_member name=\u00bbJosep Llu\u00eds G\u00f3mez Cardona\u00bb position=\u00bbTesorero\u00bb image_url=\u00bbhttps:\/\/cocemfecatalunya.org\/wp-content\/uploads\/2022\/07\/josep-lluis.jpg\u00bb _builder_version=\u00bb4.17.4&#8243; _dynamic_attributes=\u00bblink_option_url\u00bb _module_preset=\u00bbdefault\u00bb header_font=\u00bbLibre Franklin|600|||||||\u00bb header_text_align=\u00bbcenter\u00bb header_font_size=\u00bb20px\u00bb position_font=\u00bbOpen Sans|600|||||||\u00bb position_text_align=\u00bbcenter\u00bb position_font_size=\u00bb18px\u00bb custom_margin=\u00bb||50px||false|false\u00bb link_option_url=\u00bb@ET-DC@eyJkeW5hbWljIjp0cnVlLCJjb250ZW50IjoicG9zdF9saW5rX3VybF9hdHRhY2htZW50Iiwic2V0dGluZ3MiOnsicG9zdF9pZCI6IjIwNTkifX0=@\u00bb custom_css_main_element=\u00bbmargin:0px auto;\u00bb custom_css_member_image=\u00bbmax-width: 250px;||max-height: 200px;||clip-path: circle();||border: 1px solid #637A9E;\u00bb global_colors_info=\u00bb{}\u00bb][\/et_pb_team_member][et_pb_team_member name=\u00bbDavid Pradal Gar\u00ed\u00bb position=\u00bbVocal\u00bb image_url=\u00bbhttps:\/\/cocemfecatalunya.org\/wp-content\/uploads\/2022\/07\/David-Pradal.jpg\u00bb _builder_version=\u00bb4.17.4&#8243; _dynamic_attributes=\u00bblink_option_url\u00bb _module_preset=\u00bbdefault\u00bb header_font=\u00bbLibre Franklin|600|||||||\u00bb header_text_align=\u00bbcenter\u00bb header_font_size=\u00bb20px\u00bb position_font=\u00bbOpen Sans|600|||||||\u00bb position_text_align=\u00bbcenter\u00bb position_font_size=\u00bb18px\u00bb custom_margin=\u00bb||50px||false|false\u00bb link_option_url=\u00bb@ET-DC@eyJkeW5hbWljIjp0cnVlLCJjb250ZW50IjoicG9zdF9saW5rX3VybF9hdHRhY2htZW50Iiwic2V0dGluZ3MiOnsicG9zdF9pZCI6IjIwNTUifX0=@\u00bb custom_css_main_element=\u00bbmargin:0px auto;\u00bb custom_css_member_image=\u00bbmax-width: 250px;||max-height: 200px;||clip-path: circle();||border: 1px solid #637A9E;\u00bb global_colors_info=\u00bb{}\u00bb][\/et_pb_team_member][\/et_pb_column][et_pb_column type=\u00bb1_5&#8243; _builder_version=\u00bb4.17.4&#8243; _module_preset=\u00bbdefault\u00bb global_colors_info=\u00bb{}\u00bb][et_pb_team_member name=\u00bb Em\u00edilia Altarriba Alberch\u00bb position=\u00bbVocal\u00bb image_url=\u00bbhttps:\/\/cocemfecatalunya.org\/wp-content\/uploads\/2022\/07\/Captura3.jpg\u00bb _builder_version=\u00bb4.17.4&#8243; _module_preset=\u00bbdefault\u00bb header_font=\u00bbLibre Franklin|600|||||||\u00bb header_text_align=\u00bbcenter\u00bb header_font_size=\u00bb20px\u00bb position_font=\u00bbOpen Sans|600|||||||\u00bb position_text_align=\u00bbcenter\u00bb position_font_size=\u00bb18px\u00bb custom_margin=\u00bb||50px||false|false\u00bb custom_css_main_element=\u00bbmargin:0px auto;\u00bb custom_css_member_image=\u00bbmax-width: 250px;||max-height: 200px;||clip-path: circle();||border: 1px solid #637A9E;\u00bb global_colors_info=\u00bb{}\u00bb][\/et_pb_team_member][et_pb_team_member name=\u00bb Javier de O\u00f1a Sobrino\u00bb position=\u00bbVocal\u00bb image_url=\u00bbhttps:\/\/cocemfecatalunya.org\/wp-content\/uploads\/2022\/07\/javier-de-ona.jpg\u00bb _builder_version=\u00bb4.17.4&#8243; _dynamic_attributes=\u00bblink_option_url\u00bb _module_preset=\u00bbdefault\u00bb header_font=\u00bbLibre Franklin|600|||||||\u00bb header_text_align=\u00bbcenter\u00bb header_font_size=\u00bb20px\u00bb position_font=\u00bbOpen Sans|600|||||||\u00bb position_text_align=\u00bbcenter\u00bb position_font_size=\u00bb18px\u00bb custom_margin=\u00bb||50px||false|false\u00bb link_option_url=\u00bb@ET-DC@eyJkeW5hbWljIjp0cnVlLCJjb250ZW50IjoicG9zdF9saW5rX3VybF9hdHRhY2htZW50Iiwic2V0dGluZ3MiOnsicG9zdF9pZCI6IjIwNTEifX0=@\u00bb custom_css_main_element=\u00bbmargin:0px auto;\u00bb custom_css_member_image=\u00bbmax-width: 250px;||max-height: 200px;||clip-path: circle();||border: 1px solid #637A9E;\u00bb global_colors_info=\u00bb{}\u00bb][\/et_pb_team_member][\/et_pb_column][\/et_pb_row][\/et_pb_section]<\/p>\n","protected":false},"excerpt":{"rendered":"<p>\u00d3RGANOS DE REPRESENTACI\u00d3N \u00d2RGANOS DE GOBIERNO:ASAMBLEA GENERAL Es el m\u00e1ximo \u00f3rgano de gobierno de COCEMFE CATALU\u00d1A, y est\u00e1 integrado por representantes de todas las FEDERACIONES miembros de la Confederaci\u00f3n y se re\u00fane, al menos, una vez en el a\u00f1o con car\u00e1cter ordinario. JUNTA DIRECTIVA Elegida por la Asamblea, es el \u00f3rgano ejecutivo de COCEMFE CATALU\u00d1A [&hellip;]<\/p>\n","protected":false},"author":1,"featured_media":0,"parent":3407,"menu_order":0,"comment_status":"closed","ping_status":"closed","template":"","meta":{"_acf_changed":false,"_et_pb_use_builder":"on","_et_pb_old_content":"","_et_gb_content_width":"","footnotes":""},"class_list":["post-3491","page","type-page","status-publish","hentry"],"acf":[],"_links":{"self":[{"href":"https:\/\/cocemfecatalunya.org\/es\/wp-json\/wp\/v2\/pages\/3491","targetHints":{"allow":["GET"]}}],"collection":[{"href":"https:\/\/cocemfecatalunya.org\/es\/wp-json\/wp\/v2\/pages"}],"about":[{"href":"https:\/\/cocemfecatalunya.org\/es\/wp-json\/wp\/v2\/types\/page"}],"author":[{"embeddable":true,"href":"https:\/\/cocemfecatalunya.org\/es\/wp-json\/wp\/v2\/users\/1"}],"replies":[{"embeddable":true,"href":"https:\/\/cocemfecatalunya.org\/es\/wp-json\/wp\/v2\/comments?post=3491"}],"version-history":[{"count":23,"href":"https:\/\/cocemfecatalunya.org\/es\/wp-json\/wp\/v2\/pages\/3491\/revisions"}],"predecessor-version":[{"id":6705,"href":"https:\/\/cocemfecatalunya.org\/es\/wp-json\/wp\/v2\/pages\/3491\/revisions\/6705"}],"up":[{"embeddable":true,"href":"https:\/\/cocemfecatalunya.org\/es\/wp-json\/wp\/v2\/pages\/3407"}],"wp:attachment":[{"href":"https:\/\/cocemfecatalunya.org\/es\/wp-json\/wp\/v2\/media?parent=3491"}],"curies":[{"name":"wp","href":"https:\/\/api.w.org\/{rel}","templated":true}]}}