{"id":3485,"date":"2023-05-16T12:25:40","date_gmt":"2023-05-16T12:25:40","guid":{"rendered":"http:\/\/cocemfecatalunya.org\/conocenos\/sobre-cocemfe-cataluna\/mision-vision-y-valores\/"},"modified":"2023-05-16T12:25:45","modified_gmt":"2023-05-16T12:25:45","slug":"mision-vision-y-valores","status":"publish","type":"page","link":"https:\/\/cocemfecatalunya.org\/es\/conocenos\/sobre-cocemfe-cataluna\/mision-vision-y-valores\/","title":{"rendered":"Misi\u00f3n visi\u00f3n y valores"},"content":{"rendered":"<p>[et_pb_section fb_built=\u00bb1&#8243; _builder_version=\u00bb4.17.4&#8243; _module_preset=\u00bbdefault\u00bb custom_margin=\u00bb||||false|false\u00bb custom_padding=\u00bb||10px||false|false\u00bb locked=\u00bboff\u00bb global_colors_info=\u00bb{}\u00bb][et_pb_row _builder_version=\u00bb4.17.4&#8243; _module_preset=\u00bbdefault\u00bb custom_margin=\u00bb||||false|false\u00bb custom_padding=\u00bb||0px||false|false\u00bb global_colors_info=\u00bb{}\u00bb][et_pb_column type=\u00bb4_4&#8243; _builder_version=\u00bb4.17.4&#8243; _module_preset=\u00bbdefault\u00bb global_colors_info=\u00bb{}\u00bb][et_pb_text _builder_version=\u00bb4.17.4&#8243; _module_preset=\u00bbdefault\u00bb header_text_color=\u00bbgcid-7914c76c-8a6f-42eb-b826-5260483a31ba\u00bb header_font_size=\u00bb50px\u00bb global_colors_info=\u00bb{%22gcid-7914c76c-8a6f-42eb-b826-5260483a31ba%22:%91%22header_text_color%22%93}\u00bb]<\/p>\n<h1><span style=\"font-weight: bold;\">VISI\u00d3N, MISI\u00d3N Y VALORES<\/span><\/h1>\n<p>[\/et_pb_text][\/et_pb_column][\/et_pb_row][et_pb_row _builder_version=\u00bb4.17.4&#8243; _module_preset=\u00bbdefault\u00bb custom_margin=\u00bb0px||0px||true|false\u00bb custom_padding=\u00bb0px||0px||true|false\u00bb global_colors_info=\u00bb{}\u00bb][et_pb_column type=\u00bb4_4&#8243; _builder_version=\u00bb4.17.4&#8243; _module_preset=\u00bbdefault\u00bb global_colors_info=\u00bb{}\u00bb][et_pb_ds_breadcrumbs admin_label=\u00bball-pages-breadcrumb\u00bb module_id=\u00bball-pages-breadcrumb\u00bb _builder_version=\u00bb4.17.4&#8243; _module_preset=\u00bbdefault\u00bb global_colors_info=\u00bb{}\u00bb][\/et_pb_ds_breadcrumbs][\/et_pb_column][\/et_pb_row][\/et_pb_section][et_pb_section fb_built=\u00bb1&#8243; _builder_version=\u00bb4.17.4&#8243; _module_preset=\u00bbdefault\u00bb custom_padding=\u00bb0px|||||\u00bb locked=\u00bboff\u00bb global_colors_info=\u00bb{}\u00bb][et_pb_row _builder_version=\u00bb4.17.4&#8243; _module_preset=\u00bbdefault\u00bb global_colors_info=\u00bb{}\u00bb][et_pb_column type=\u00bb4_4&#8243; _builder_version=\u00bb4.17.4&#8243; _module_preset=\u00bbdefault\u00bb global_colors_info=\u00bb{}\u00bb][et_pb_accordion open_toggle_text_color=\u00bb#FFFFFF\u00bb closed_toggle_text_color=\u00bb#FFFFFF\u00bb icon_color=\u00bb#FFFFFF\u00bb use_icon_font_size=\u00bbon\u00bb icon_font_size=\u00bb18px\u00bb module_class=\u00bbacordeon-blue\u00bb _builder_version=\u00bb4.17.4&#8243; _module_preset=\u00bbdefault\u00bb toggle_text_color=\u00bb#FFFFFF\u00bb toggle_level=\u00bbh2&#8243; custom_margin=\u00bb||||false|false\u00bb custom_padding=\u00bb||||false|false\u00bb custom_css_toggle_title=\u00bbbackground-color: #003C69;||padding: 20px;\u00bb custom_css_toggle_icon=\u00bbmargin-right: 20px;\u00bb custom_css_toggle_content=\u00bbpadding: 20px 20px;\u00bb custom_css_open_toggle_title=\u00bbbackground-color: #003C69;||padding: 20px;\u00bb border_width_all=\u00bb0px\u00bb global_colors_info=\u00bb{}\u00bb][et_pb_accordion_item title=\u00bbMisi\u00f3n\u00bb open=\u00bbon\u00bb _builder_version=\u00bb4.17.4&#8243; _module_preset=\u00bbdefault\u00bb body_font=\u00bbOpen Sans|800|||||||\u00bb global_colors_info=\u00bb{}\u00bb toggle_font=\u00bbOpen Sans|600|||||||\u00bb]<span style=\"font-weight: 700;\">La Misi\u00f3n de COCEMFE CATALU\u00d1A es el reconocimiento de los derechos de las personas con discapacidad f\u00edsica y org\u00e1nica, promover la m\u00e1xima aplicabilidad de la Convenci\u00f3n sobre los Derechos de las Personas con Discapacidad y proporcionar los instrumentos necesarios para su cumplimiento en la sociedad actual.<\/span>[\/et_pb_accordion_item][et_pb_accordion_item title=\u00bbVisi\u00f3n\u00bb _builder_version=\u00bb4.17.4&#8243; _module_preset=\u00bbdefault\u00bb body_font=\u00bbOpen Sans|800|||||||\u00bb global_colors_info=\u00bb{}\u00bb toggle_font=\u00bbOpen Sans|600|||||||\u00bb open=\u00bboff\u00bb]<span style=\"font-weight: bold;\">COCEMFE CATALU\u00d1A se alinea con la pol\u00edtica de los Objetivos de Desarrollo Sostenible de las Naciones Unidas, para el fomento global de la democracia, la justicia social y los valores \u00e9ticos de acuerdo con sus entidades miembros, de acuerdo con la cultura de la solidaridad.<\/span>[\/et_pb_accordion_item][et_pb_accordion_item title=\u00bbPrincipios y Valores\u00bb _builder_version=\u00bb4.17.4&#8243; _module_preset=\u00bbdefault\u00bb body_font=\u00bbOpen Sans|800|||||||\u00bb global_colors_info=\u00bb{}\u00bb toggle_font=\u00bbOpen Sans|600|||||||\u00bb open=\u00bboff\u00bb]<span style=\"font-weight: 700;\">COCEMFE CATALU\u00d1A se rige por los principios de respeto de la dignidad y la diversidad de las personas, igualdad entre hombres y mujeres, solidaridad y cooperaci\u00f3n, compromiso social, transparencia y responsabilidad, democracia y calidad.<\/span>[\/et_pb_accordion_item][\/et_pb_accordion][\/et_pb_column][\/et_pb_row][et_pb_row disabled_on=\u00bbon|on|on\u00bb _builder_version=\u00bb4.17.4&#8243; _module_preset=\u00bbdefault\u00bb disabled=\u00bbon\u00bb global_colors_info=\u00bb{}\u00bb][et_pb_column type=\u00bb4_4&#8243; _builder_version=\u00bb4.17.4&#8243; _module_preset=\u00bbdefault\u00bb global_colors_info=\u00bb{}\u00bb][et_pb_text _builder_version=\u00bb4.17.4&#8243; _module_preset=\u00bbdefault\u00bb text_text_color=\u00bb#5f727f\u00bb text_font_size=\u00bb16px\u00bb text_line_height=\u00bb25px\u00bb global_colors_info=\u00bb{}\u00bb]<\/p>\n<p><strong>Misi\u00f3n:<\/strong><\/p>\n<p><span style=\"font-weight: 400;\">La Misi\u00f3n de COCEMFE CATALU\u00d1A es el reconocimiento de los derechos de las personas con discapacidad f\u00edsica y org\u00e1nica, promover la m\u00e1xima aplicabilidad de la Convenci\u00f3n sobre los Derechos de las Personas con Discapacidad y proporcionar los instrumentos necesarios para su cumplimiento en la sociedad actual.<\/span><\/p>\n<p>[\/et_pb_text][et_pb_text _builder_version=\u00bb4.17.4&#8243; _module_preset=\u00bbdefault\u00bb text_text_color=\u00bb#5f727f\u00bb text_font_size=\u00bb16px\u00bb global_colors_info=\u00bb{}\u00bb]<\/p>\n<p><strong>Visi\u00f3n:<\/strong><\/p>\n<p><span style=\"font-weight: 400;\">COCEMFE Catalu\u00f1a <\/span><span style=\"font-weight: 400;\"> se alinea con la pol\u00edtica de los Objetivos de Desarrollo Sostenible de las Naciones Unidas, para el fomento global de la democracia, la justicia social y los valores \u00e9ticos de acuerdo con sus entidades miembros, de acuerdo con la cultura de la solidaridad. <\/span><\/p>\n<p>[\/et_pb_text][et_pb_text _builder_version=\u00bb4.17.4&#8243; _module_preset=\u00bbdefault\u00bb text_text_color=\u00bb#5f727f\u00bb text_font_size=\u00bb16px\u00bb global_colors_info=\u00bb{}\u00bb]<\/p>\n<p><strong>Principios y Valores:<\/strong><\/p>\n<p><span style=\"font-weight: 400;\">COCEMFE CATALU\u00d1A se rige por los principios de respeto de la dignidad y la diversidad de las personas, igualdad entre hombres y mujeres, solidaridad y cooperaci\u00f3n, compromiso social, transparencia y responsabilidad, democracia y calidad.<\/span><\/p>\n<p>[\/et_pb_text][\/et_pb_column][\/et_pb_row][\/et_pb_section]<\/p>\n","protected":false},"excerpt":{"rendered":"<p>VISI\u00d3N, MISI\u00d3N Y VALORESLa Misi\u00f3n de COCEMFE CATALU\u00d1A es el reconocimiento de los derechos de las personas con discapacidad f\u00edsica y org\u00e1nica, promover la m\u00e1xima aplicabilidad de la Convenci\u00f3n sobre los Derechos de las Personas con Discapacidad y proporcionar los instrumentos necesarios para su cumplimiento en la sociedad actual.COCEMFE CATALU\u00d1A se alinea con la pol\u00edtica [&hellip;]<\/p>\n","protected":false},"author":1,"featured_media":0,"parent":3407,"menu_order":0,"comment_status":"closed","ping_status":"closed","template":"","meta":{"_acf_changed":false,"_et_pb_use_builder":"on","_et_pb_old_content":"","_et_gb_content_width":"","footnotes":""},"class_list":["post-3485","page","type-page","status-publish","hentry"],"acf":[],"_links":{"self":[{"href":"https:\/\/cocemfecatalunya.org\/es\/wp-json\/wp\/v2\/pages\/3485","targetHints":{"allow":["GET"]}}],"collection":[{"href":"https:\/\/cocemfecatalunya.org\/es\/wp-json\/wp\/v2\/pages"}],"about":[{"href":"https:\/\/cocemfecatalunya.org\/es\/wp-json\/wp\/v2\/types\/page"}],"author":[{"embeddable":true,"href":"https:\/\/cocemfecatalunya.org\/es\/wp-json\/wp\/v2\/users\/1"}],"replies":[{"embeddable":true,"href":"https:\/\/cocemfecatalunya.org\/es\/wp-json\/wp\/v2\/comments?post=3485"}],"version-history":[{"count":2,"href":"https:\/\/cocemfecatalunya.org\/es\/wp-json\/wp\/v2\/pages\/3485\/revisions"}],"predecessor-version":[{"id":3487,"href":"https:\/\/cocemfecatalunya.org\/es\/wp-json\/wp\/v2\/pages\/3485\/revisions\/3487"}],"up":[{"embeddable":true,"href":"https:\/\/cocemfecatalunya.org\/es\/wp-json\/wp\/v2\/pages\/3407"}],"wp:attachment":[{"href":"https:\/\/cocemfecatalunya.org\/es\/wp-json\/wp\/v2\/media?parent=3485"}],"curies":[{"name":"wp","href":"https:\/\/api.w.org\/{rel}","templated":true}]}}