{"id":3398,"date":"2023-05-16T07:59:59","date_gmt":"2023-05-16T07:59:59","guid":{"rendered":"http:\/\/cocemfecatalunya.org\/modelo-de-gestion\/politica-de-las-personas\/"},"modified":"2025-01-30T16:14:52","modified_gmt":"2025-01-30T15:14:52","slug":"politica-de-las-personas","status":"publish","type":"page","link":"https:\/\/cocemfecatalunya.org\/es\/conocenos\/modelo-de-gestion\/politica-de-las-personas\/","title":{"rendered":"POL\u00cdTICA DE LAS PERSONAS"},"content":{"rendered":"<p>[et_pb_section fb_built=\u00bb1&#8243; _builder_version=\u00bb4.17.4&#8243; _module_preset=\u00bbdefault\u00bb custom_padding=\u00bb||30px|||\u00bb global_colors_info=\u00bb{}\u00bb][et_pb_row _builder_version=\u00bb4.17.4&#8243; _module_preset=\u00bbdefault\u00bb locked=\u00bboff\u00bb global_colors_info=\u00bb{}\u00bb][et_pb_column type=\u00bb4_4&#8243; _builder_version=\u00bb4.17.4&#8243; _module_preset=\u00bbdefault\u00bb global_colors_info=\u00bb{}\u00bb][et_pb_text _builder_version=\u00bb4.17.4&#8243; _module_preset=\u00bbdefault\u00bb text_font=\u00bbLibre Franklin||||||||\u00bb header_font=\u00bbLibre Franklin||||||||\u00bb header_text_color=\u00bb#637a9e\u00bb header_font_size=\u00bb50px\u00bb header_letter_spacing=\u00bb0.05px\u00bb custom_css_heading_h1=\u00bbfont-weight: 700;||text-transform: uppercase;\u00bb global_colors_info=\u00bb{}\u00bb]<\/p>\n<h1><span style=\"font-weight: bold;\">POL\u00cdTICA DE las PERSONAS<br \/><\/span><\/h1>\n<p>[\/et_pb_text][\/et_pb_column][\/et_pb_row][et_pb_row _builder_version=\u00bb4.17.4&#8243; _module_preset=\u00bbdefault\u00bb custom_margin=\u00bb0px||0px||true|false\u00bb custom_padding=\u00bb0px||0px||true|false\u00bb global_colors_info=\u00bb{}\u00bb][et_pb_column type=\u00bb4_4&#8243; _builder_version=\u00bb4.17.4&#8243; _module_preset=\u00bbdefault\u00bb global_colors_info=\u00bb{}\u00bb][et_pb_ds_breadcrumbs admin_label=\u00bball-pages-breadcrumb\u00bb module_id=\u00bball-pages-breadcrumb\u00bb _builder_version=\u00bb4.17.4&#8243; _module_preset=\u00bbdefault\u00bb global_colors_info=\u00bb{}\u00bb][\/et_pb_ds_breadcrumbs][\/et_pb_column][\/et_pb_row][\/et_pb_section][et_pb_section fb_built=\u00bb1&#8243; _builder_version=\u00bb4.17.4&#8243; _module_preset=\u00bbdefault\u00bb custom_padding=\u00bb0px|||||\u00bb global_colors_info=\u00bb{}\u00bb][et_pb_row _builder_version=\u00bb4.17.4&#8243; _module_preset=\u00bbdefault\u00bb global_colors_info=\u00bb{}\u00bb][et_pb_column type=\u00bb4_4&#8243; _builder_version=\u00bb4.17.4&#8243; _module_preset=\u00bbdefault\u00bb global_colors_info=\u00bb{}\u00bb][et_pb_text _builder_version=\u00bb4.17.4&#8243; _module_preset=\u00bbdefault\u00bb text_font=\u00bbOpen Sans||||||||\u00bb text_text_color=\u00bb#5f727f\u00bb text_font_size=\u00bb16px\u00bb text_line_height=\u00bb25px\u00bb header_font=\u00bbLibre Franklin|700|||||||\u00bb header_font_size=\u00bb36px\u00bb header_line_height=\u00bb60px\u00bb custom_css_heading_h1=\u00bbfont-weight:700;\u00bb global_colors_info=\u00bb{}\u00bb]<\/p>\n<h1><span style=\"font-weight: 700;\">Plan de Igualdad<\/span><\/h1>\n<p>[\/et_pb_text][et_pb_text _builder_version=\u00bb4.22.2&#8243; _module_preset=\u00bbdefault\u00bb text_font=\u00bbOpen Sans||||||||\u00bb text_text_color=\u00bb#5f727f\u00bb text_font_size=\u00bb16px\u00bb text_line_height=\u00bb25px\u00bb header_font=\u00bbLibre Franklin|700|||||||\u00bb header_font_size=\u00bb36px\u00bb header_line_height=\u00bb60px\u00bb custom_css_heading_h1=\u00bbfont-weight:700;\u00bb global_colors_info=\u00bb{}\u00bb]<\/p>\n<p>La igualdad entre mujeres y hombres es una l\u00ednea de trabajo fundamental para COCEMFE CATALU\u00d1A y forma parte de su firme compromiso en la defensa de la igualdad y de contribuir al cumplimiento del Objetivo de Desarrollo Sostenible n\u00ba 5 de Igualdad de g\u00e9nero de la Agenda 2030. Por eso, cuenta con un Plan de igualdad que integra una serie de medidas dirigidas a impulsar la igualdad de trato y oportunidades efectiva entre mujeres y hombres y eliminar cualquier tipo de desigualdad o discriminaci\u00f3n que se pueda producir en la organizaci\u00f3n por raz\u00f3n de sexo. Adem\u00e1s, COCEMFE CATALU\u00d1A dispone de un \u00e1rea espec\u00edfica de Igualdad y herramientas adicionales en la materia, como por ejemplo un Manual de lenguaje inclusivo y un Protocolo de acoso moral, sexual y por raz\u00f3n de sexo aplicable a toda su plantilla.<\/p>\n<p>[\/et_pb_text][\/et_pb_column][\/et_pb_row][et_pb_row _builder_version=\u00bb4.17.4&#8243; _module_preset=\u00bbdefault\u00bb global_colors_info=\u00bb{}\u00bb][et_pb_column type=\u00bb4_4&#8243; _builder_version=\u00bb4.17.4&#8243; _module_preset=\u00bbdefault\u00bb global_colors_info=\u00bb{}\u00bb][et_pb_text _builder_version=\u00bb4.22.1&#8243; _module_preset=\u00bbdefault\u00bb text_font=\u00bbOpen Sans||||||||\u00bb text_text_color=\u00bb#5f727f\u00bb text_font_size=\u00bb16px\u00bb text_line_height=\u00bb25px\u00bb header_font=\u00bbLibre Franklin|700|||||||\u00bb header_font_size=\u00bb36px\u00bb header_line_height=\u00bb60px\u00bb custom_css_heading_h1=\u00bbfont-weight:700;\u00bb global_colors_info=\u00bb{}\u00bb]<\/p>\n<h1><span style=\"font-weight: bold;\">Plan de Prevenci\u00f3n de Riesgos Laborales<br \/><\/span><\/h1>\n<p>[\/et_pb_text][et_pb_text _builder_version=\u00bb4.17.4&#8243; _module_preset=\u00bbdefault\u00bb text_font=\u00bbOpen Sans||||||||\u00bb text_text_color=\u00bb#5f727f\u00bb text_font_size=\u00bb16px\u00bb text_line_height=\u00bb25px\u00bb header_font=\u00bbLibre Franklin|700|||||||\u00bb header_font_size=\u00bb36px\u00bb header_line_height=\u00bb60px\u00bb custom_css_heading_h1=\u00bbfont-weight:700;\u00bb global_colors_info=\u00bb{}\u00bb]<\/p>\n<p>COCEMFE CATALU\u00d1A vela por la seguridad y la salud de todas las personas que forman parte de la plantilla. Por eso tiene contratadas las cuatro especialidades preventivas (seguridad en trabajo, higiene industrial, ergonom\u00eda y psicosociolog\u00eda aplicada y vigilancia de la salud) con la empresa ASPY PREVENCI\u00d3N, y dispone tanto de una pol\u00edtica como de un Plan de prevenci\u00f3n, as\u00ed como de un protocolo de actuaci\u00f3n espec\u00edficos a disposici\u00f3n del personal.<\/p>\n<p>[\/et_pb_text][\/et_pb_column][\/et_pb_row][et_pb_row _builder_version=\u00bb4.17.4&#8243; _module_preset=\u00bbdefault\u00bb global_colors_info=\u00bb{}\u00bb][et_pb_column type=\u00bb4_4&#8243; _builder_version=\u00bb4.17.4&#8243; _module_preset=\u00bbdefault\u00bb global_colors_info=\u00bb{}\u00bb][et_pb_text _builder_version=\u00bb4.22.2&#8243; _module_preset=\u00bbdefault\u00bb text_font=\u00bbOpen Sans||||||||\u00bb text_text_color=\u00bb#5f727f\u00bb text_font_size=\u00bb16px\u00bb text_line_height=\u00bb25px\u00bb header_font=\u00bbLibre Franklin|700|||||||\u00bb header_font_size=\u00bb36px\u00bb header_line_height=\u00bb60px\u00bb custom_css_heading_h1=\u00bbfont-weight:700;\u00bb global_colors_info=\u00bb{}\u00bb]<\/p>\n<h1><span style=\"font-weight: bold;\">Plan de Diversidad<br \/>\n<\/span><\/h1>\n<p>[\/et_pb_text][et_pb_text _builder_version=\u00bb4.22.1&#8243; _module_preset=\u00bbdefault\u00bb text_font=\u00bbOpen Sans||||||||\u00bb text_text_color=\u00bb#5f727f\u00bb text_font_size=\u00bb16px\u00bb text_line_height=\u00bb25px\u00bb header_font=\u00bbLibre Franklin|700|||||||\u00bb header_font_size=\u00bb36px\u00bb header_line_height=\u00bb60px\u00bb custom_css_heading_h1=\u00bbfont-weight:700;\u00bb global_colors_info=\u00bb{}\u00bb]<\/p>\n<p>COCEMFE CATALU\u00d1A tiene un firme compromiso por la diversidad. El \u00e1mbito de la discapacidad f\u00edsica y org\u00e1nica est\u00e1 compuesto por personas de diferentes culturas, extracciones sociales, edades, etc. Como entidad socialmente responsable, activa y participativa, velamos por la incorporaci\u00f3n de personas de colectivos vulnerables. <\/p>\n<p>El Plan de Diversidad nos encamina hacia la consecuci\u00f3n de los ODS (Objetivos de Desarrollo Sostenible): ODS 5 (Igualdad de g\u00e9nero), ODS 8 (Trabajo decente y crecimiento econ\u00f3mico), ODS 10 (Reducci\u00f3n de las desigualdades) i ODS 17 (Alianzas para conseguir objetivos). Y nos proporciona las herramientas para la sensibilizaci\u00f3n en la propia entidad con los principios de igualdad de oportunidades, respeto a la diversidad, y capacidad de atracci\u00f3n y retenci\u00f3n del talento. <\/p>\n<p>Por esta raz\u00f3n, disponemos de un Plan de Diversidad acreditado por ECAS y PIMEC, que estamos aplicando como cultura corporativa. <\/p>\n<p>[\/et_pb_text][et_pb_button button_url=\u00bbhttp:\/\/cocemfecatalunya.org\/wp-content\/uploads\/2023\/10\/Pla-de-Diversitat-COCEMFE-Catalunya.pdf\u00bb button_text=\u00bbDescarga aqu\u00ed el Plan de Diversidad de COCEMFE Catalu\u00f1a\u00bb _builder_version=\u00bb4.24.3&#8243; _module_preset=\u00bbdefault\u00bb custom_button=\u00bbon\u00bb button_text_size=\u00bb16px\u00bb button_text_color=\u00bb#f8ac00&#8243; button_border_color=\u00bb#ffffff\u00bb button_icon=\u00bb&#xe092;||divi||400&#8243; hover_enabled=\u00bb0&#8243; global_colors_info=\u00bb{}\u00bb sticky_enabled=\u00bb0&#8243; button_icon_placement=\u00bbleft\u00bb button_on_hover=\u00bboff\u00bb][\/et_pb_button][et_pb_button button_url=\u00bbhttps:\/\/cocemfecatalunya.org\/wp-content\/uploads\/2025\/01\/PLA-DIGUALTAT-COCEMFE-CATALUNYA.pdf\u00bb button_text=\u00bbDescarga aqu\u00ed el Plan de Igualdad de COCEMFE Catalu\u00f1a\u00bb _builder_version=\u00bb4.24.3&#8243; _module_preset=\u00bbdefault\u00bb custom_button=\u00bbon\u00bb button_text_size=\u00bb16px\u00bb button_text_color=\u00bb#f8ac00&#8243; button_border_color=\u00bb#ffffff\u00bb button_icon=\u00bb&#xe092;||divi||400&#8243; hover_enabled=\u00bb0&#8243; global_colors_info=\u00bb{}\u00bb sticky_enabled=\u00bb0&#8243; button_icon_placement=\u00bbleft\u00bb button_on_hover=\u00bboff\u00bb][\/et_pb_button][\/et_pb_column][\/et_pb_row][\/et_pb_section]<\/p>\n","protected":false},"excerpt":{"rendered":"<p>POL\u00cdTICA DE las PERSONASPlan de IgualdadLa igualdad entre mujeres y hombres es una l\u00ednea de trabajo fundamental para COCEMFE CATALU\u00d1A y forma parte de su firme compromiso en la defensa de la igualdad y de contribuir al cumplimiento del Objetivo de Desarrollo Sostenible n\u00ba 5 de Igualdad de g\u00e9nero de la Agenda 2030. Por eso, [&hellip;]<\/p>\n","protected":false},"author":1,"featured_media":0,"parent":3359,"menu_order":0,"comment_status":"closed","ping_status":"closed","template":"","meta":{"_acf_changed":false,"_et_pb_use_builder":"on","_et_pb_old_content":"","_et_gb_content_width":"","footnotes":""},"class_list":["post-3398","page","type-page","status-publish","hentry"],"acf":[],"_links":{"self":[{"href":"https:\/\/cocemfecatalunya.org\/es\/wp-json\/wp\/v2\/pages\/3398","targetHints":{"allow":["GET"]}}],"collection":[{"href":"https:\/\/cocemfecatalunya.org\/es\/wp-json\/wp\/v2\/pages"}],"about":[{"href":"https:\/\/cocemfecatalunya.org\/es\/wp-json\/wp\/v2\/types\/page"}],"author":[{"embeddable":true,"href":"https:\/\/cocemfecatalunya.org\/es\/wp-json\/wp\/v2\/users\/1"}],"replies":[{"embeddable":true,"href":"https:\/\/cocemfecatalunya.org\/es\/wp-json\/wp\/v2\/comments?post=3398"}],"version-history":[{"count":10,"href":"https:\/\/cocemfecatalunya.org\/es\/wp-json\/wp\/v2\/pages\/3398\/revisions"}],"predecessor-version":[{"id":5868,"href":"https:\/\/cocemfecatalunya.org\/es\/wp-json\/wp\/v2\/pages\/3398\/revisions\/5868"}],"up":[{"embeddable":true,"href":"https:\/\/cocemfecatalunya.org\/es\/wp-json\/wp\/v2\/pages\/3359"}],"wp:attachment":[{"href":"https:\/\/cocemfecatalunya.org\/es\/wp-json\/wp\/v2\/media?parent=3398"}],"curies":[{"name":"wp","href":"https:\/\/api.w.org\/{rel}","templated":true}]}}