{"id":3373,"date":"2023-05-16T07:43:23","date_gmt":"2023-05-16T07:43:23","guid":{"rendered":"http:\/\/cocemfecatalunya.org\/modelo-de-gestion\/codigo-etico\/"},"modified":"2023-05-16T07:43:31","modified_gmt":"2023-05-16T07:43:31","slug":"codigo-etico","status":"publish","type":"page","link":"https:\/\/cocemfecatalunya.org\/es\/conocenos\/modelo-de-gestion\/codigo-etico\/","title":{"rendered":"C\u00f3digo \u00e9tico"},"content":{"rendered":"<p>[et_pb_section fb_built=\u00bb1&#8243; _builder_version=\u00bb4.17.4&#8243; _module_preset=\u00bbdefault\u00bb global_colors_info=\u00bb{}\u00bb][et_pb_row _builder_version=\u00bb4.17.4&#8243; _module_preset=\u00bbdefault\u00bb locked=\u00bboff\u00bb global_colors_info=\u00bb{}\u00bb][et_pb_column type=\u00bb4_4&#8243; _builder_version=\u00bb4.17.4&#8243; _module_preset=\u00bbdefault\u00bb global_colors_info=\u00bb{}\u00bb][et_pb_text _builder_version=\u00bb4.17.4&#8243; _module_preset=\u00bbdefault\u00bb text_font=\u00bbLibre Franklin||||||||\u00bb header_font=\u00bbLibre Franklin||||||||\u00bb header_text_color=\u00bb#637a9e\u00bb header_font_size=\u00bb50px\u00bb header_letter_spacing=\u00bb0.05px\u00bb custom_css_heading_h1=\u00bbfont-weight: 700;||text-transform: uppercase;\u00bb global_colors_info=\u00bb{}\u00bb]<\/p>\n<h1><span style=\"font-weight: bold;\">C\u00d3DIGO \u00c9TICO<br \/>\n<\/span><\/h1>\n<p>[\/et_pb_text][\/et_pb_column][\/et_pb_row][et_pb_row _builder_version=\u00bb4.17.4&#8243; _module_preset=\u00bbdefault\u00bb custom_margin=\u00bb0px||0px||true|false\u00bb custom_padding=\u00bb0px||0px||true|false\u00bb global_colors_info=\u00bb{}\u00bb][et_pb_column type=\u00bb4_4&#8243; _builder_version=\u00bb4.17.4&#8243; _module_preset=\u00bbdefault\u00bb global_colors_info=\u00bb{}\u00bb][et_pb_ds_breadcrumbs admin_label=\u00bball-pages-breadcrumb\u00bb module_id=\u00bball-pages-breadcrumb\u00bb _builder_version=\u00bb4.17.4&#8243; _module_preset=\u00bbdefault\u00bb global_colors_info=\u00bb{}\u00bb][\/et_pb_ds_breadcrumbs][\/et_pb_column][\/et_pb_row][\/et_pb_section][et_pb_section fb_built=\u00bb1&#8243; _builder_version=\u00bb4.17.4&#8243; _module_preset=\u00bbdefault\u00bb custom_padding=\u00bb0px|||||\u00bb global_colors_info=\u00bb{}\u00bb locked=\u00bboff\u00bb theme_builder_area=\u00bbpost_content\u00bb][et_pb_row _builder_version=\u00bb4.17.4&#8243; _module_preset=\u00bbdefault\u00bb global_colors_info=\u00bb{}\u00bb theme_builder_area=\u00bbpost_content\u00bb][et_pb_column type=\u00bb4_4&#8243; _builder_version=\u00bb4.17.4&#8243; _module_preset=\u00bbdefault\u00bb global_colors_info=\u00bb{}\u00bb theme_builder_area=\u00bbpost_content\u00bb][et_pb_text _builder_version=\u00bb4.17.4&#8243; _module_preset=\u00bbdefault\u00bb text_font=\u00bbOpen Sans||||||||\u00bb text_text_color=\u00bb#5f727f\u00bb text_font_size=\u00bb16px\u00bb text_line_height=\u00bb25px\u00bb header_font=\u00bbLibre Franklin|700|||||||\u00bb header_font_size=\u00bb36px\u00bb header_line_height=\u00bb60px\u00bb hover_enabled=\u00bb0&#8243; custom_css_heading_h1=\u00bbfont-weight:700;\u00bb global_colors_info=\u00bb{}\u00bb theme_builder_area=\u00bbpost_content\u00bb header_2_font_size=\u00bb32px\u00bb sticky_enabled=\u00bb0&#8243;]<\/p>\n<h2><span style=\"font-weight: bold;\">C\u00f3digo \u00e9tico<\/span><\/h2>\n<p>[\/et_pb_text][et_pb_text _builder_version=\u00bb4.17.4&#8243; _module_preset=\u00bbdefault\u00bb text_font=\u00bbOpen Sans||||||||\u00bb text_text_color=\u00bb#5f727f\u00bb text_font_size=\u00bb16px\u00bb text_line_height=\u00bb25px\u00bb header_font=\u00bbLibre Franklin|700|||||||\u00bb header_font_size=\u00bb36px\u00bb header_line_height=\u00bb60px\u00bb hover_enabled=\u00bb0&#8243; custom_css_heading_h1=\u00bbfont-weight:700;\u00bb global_colors_info=\u00bb{}\u00bb theme_builder_area=\u00bbpost_content\u00bb sticky_enabled=\u00bb0&#8243;]<\/p>\n<p><span>COCEMFE CATALU\u00d1A, como organizaci\u00f3n comprometida, din\u00e1mica y dirigida por valores, se adhiere al C\u00f3digo \u00c9tico de COCEMFE ESPA\u00d1A, y que pod\u00e9is encontrar en <\/span><a href=\"https:\/\/www.cocemfe.es\/conocenos\/modelo-de-gestion\/codigo-etico\/\" target=\"_blank\" data-saferedirecturl=\"https:\/\/www.google.com\/url?q=https:\/\/www.cocemfe.es\/conocenos\/modelo-de-gestion\/codigo-etico\/&amp;source=gmail&amp;ust=1677067707193000&amp;usg=AOvVaw2dWJ1cFvvkdEH2ftDd-zxE\" rel=\"noopener\">https:\/\/www.cocemfe.es\/<wbr><\/wbr>conocenos\/modelo-de-gestion\/<wbr><\/wbr>codigo-etico\/<\/a> <span>.<\/span><\/p>\n<p>[\/et_pb_text][\/et_pb_column][\/et_pb_row][\/et_pb_section]<\/p>\n","protected":false},"excerpt":{"rendered":"<p>C\u00d3DIGO \u00c9TICO C\u00f3digo \u00e9ticoCOCEMFE CATALU\u00d1A, como organizaci\u00f3n comprometida, din\u00e1mica y dirigida por valores, se adhiere al C\u00f3digo \u00c9tico de COCEMFE ESPA\u00d1A, y que pod\u00e9is encontrar en https:\/\/www.cocemfe.es\/conocenos\/modelo-de-gestion\/codigo-etico\/ .<\/p>\n","protected":false},"author":1,"featured_media":0,"parent":3359,"menu_order":0,"comment_status":"closed","ping_status":"closed","template":"","meta":{"_acf_changed":false,"_et_pb_use_builder":"on","_et_pb_old_content":"","_et_gb_content_width":"","footnotes":""},"class_list":["post-3373","page","type-page","status-publish","hentry"],"acf":[],"_links":{"self":[{"href":"https:\/\/cocemfecatalunya.org\/es\/wp-json\/wp\/v2\/pages\/3373","targetHints":{"allow":["GET"]}}],"collection":[{"href":"https:\/\/cocemfecatalunya.org\/es\/wp-json\/wp\/v2\/pages"}],"about":[{"href":"https:\/\/cocemfecatalunya.org\/es\/wp-json\/wp\/v2\/types\/page"}],"author":[{"embeddable":true,"href":"https:\/\/cocemfecatalunya.org\/es\/wp-json\/wp\/v2\/users\/1"}],"replies":[{"embeddable":true,"href":"https:\/\/cocemfecatalunya.org\/es\/wp-json\/wp\/v2\/comments?post=3373"}],"version-history":[{"count":5,"href":"https:\/\/cocemfecatalunya.org\/es\/wp-json\/wp\/v2\/pages\/3373\/revisions"}],"predecessor-version":[{"id":3378,"href":"https:\/\/cocemfecatalunya.org\/es\/wp-json\/wp\/v2\/pages\/3373\/revisions\/3378"}],"up":[{"embeddable":true,"href":"https:\/\/cocemfecatalunya.org\/es\/wp-json\/wp\/v2\/pages\/3359"}],"wp:attachment":[{"href":"https:\/\/cocemfecatalunya.org\/es\/wp-json\/wp\/v2\/media?parent=3373"}],"curies":[{"name":"wp","href":"https:\/\/api.w.org\/{rel}","templated":true}]}}